{"id":774,"date":"2024-08-28T10:00:11","date_gmt":"2024-08-28T10:00:11","guid":{"rendered":"https:\/\/chandiartist.com\/about\/"},"modified":"2024-11-27T11:10:34","modified_gmt":"2024-11-27T11:10:34","slug":"sobre","status":"publish","type":"page","link":"https:\/\/chandiartist.com\/en\/sobre\/","title":{"rendered":"About"},"content":{"rendered":"<div class=\"wp-block-uagb-container uagb-block-83a9efd9 alignfull uagb-is-root-container\"><div class=\"uagb-container-inner-blocks-wrap\">\n<div class=\"wp-block-uagb-advanced-heading uagb-block-6a12de0a\"><h2 class=\"uagb-heading-text\">Ground to fly<\/h2><\/div>\n<\/div><\/div>\n\n\n\n<div class=\"wp-block-uagb-container uagb-block-b97bcdcd alignfull uagb-is-root-container\"><div class=\"uagb-container-inner-blocks-wrap\">\n<div class=\"wp-block-uagb-image uagb-block-2316a200 wp-block-uagb-image--layout-default wp-block-uagb-image--effect-static wp-block-uagb-image--align-none\"><figure class=\"wp-block-uagb-image__figure\"><img loading=\"lazy\" decoding=\"async\" srcset=\"https:\/\/chandiartist.com\/wp-content\/uploads\/2024\/10\/sobre-chandi.jpg ,https:\/\/chandiartist.com\/wp-content\/uploads\/2024\/10\/sobre-chandi-200x300.jpg 780w, https:\/\/chandiartist.com\/wp-content\/uploads\/2024\/10\/sobre-chandi.jpg 360w\" sizes=\"auto, (max-width: 480px) 150px\" src=\"https:\/\/chandiartist.com\/wp-content\/uploads\/2024\/10\/sobre-chandi.jpg\" alt=\"sobre-chandi\" class=\"uag-image-1976\" width=\"683\" height=\"1024\" title=\"sobre-chandi\" role=\"img\"\/><\/figure><\/div>\n\n\n\n<div class=\"wp-block-uagb-container uagb-block-537e56b9\">\n<div class=\"wp-block-uagb-advanced-heading uagb-block-8f7f512d\"><h4 class=\"uagb-heading-text\">About me<\/h4><p class=\"uagb-desc-text\">We learn about being human from the moment we are conceived: in an idea or in our mother's belly. And we all come from a mother. We affect and are affected. All of us. It's in those first sensations that many of our mechanisms for absorbing and responding to the world are imprinted. <br><br>Is life an eternal journey home, bringing all our dual and paradoxical pieces with us? I'm interested in what is transversal to life. I'm interested in the fabric that unites us as human beings, beyond cultural, social and personal differences. <br>I'm interested in reconciling with the feeling of primordial duality.<\/p><\/div>\n\n\n\n<div class=\"wp-block-uagb-advanced-heading uagb-block-474ff8d4\"><h5 class=\"uagb-heading-text\">Chandi<\/h5><\/div>\n<\/div>\n<\/div><\/div>\n\n\n\n<div class=\"wp-block-uagb-container uagb-block-e450df1d alignfull uagb-is-root-container\"><div class=\"uagb-container__shape uagb-container__shape-top uagb-container__shape-flip\"><svg xmlns=\"https:\/\/www.w3.org\/2000\/svg\" viewbox=\"0 0 1000 100\" preserveaspectratio=\"none\"><path class=\"uagb-container__shape-fill\" d=\"M0,6V0h1000v100L0,6z\"><\/path><\/svg><\/div><div class=\"uagb-container__shape uagb-container__shape-bottom uagb-container__shape-flip uagb-container__invert\" data-negative=\"false\"><svg xmlns=\"https:\/\/www.w3.org\/2000\/svg\" viewbox=\"0 0 1000 100\" preserveaspectratio=\"none\"><path class=\"uagb-container__shape-fill\" d=\"M0,6V0h1000v100L0,6z\"><\/path><\/svg><\/div>\n<div class=\"wp-block-uagb-advanced-heading uagb-block-e4d339d4\"><h3 class=\"uagb-heading-text\">Professional experience<\/h3><\/div>\n<\/div>\n\n\n\n<div class=\"wp-block-uagb-container uagb-block-f640c2f8 alignfull uagb-is-root-container\"><div class=\"uagb-container-inner-blocks-wrap\">\n<div class=\"wp-block-uagb-container uagb-block-b5d2ddb4\">\n<div class=\"wp-block-uagb-info-box uagb-block-77e0355f uagb-infobox__content-wrap  uagb-infobox-icon-above-title uagb-infobox-image-valign-top\"><div class=\"uagb-ifb-content\"><div class=\"uagb-ifb-title-wrap\"><h6 class=\"uagb-ifb-title\">BACKGROUND<\/h6><\/div><p class=\"uagb-ifb-desc\">The Portuguese creator with Indian origins has grown up with a creative urgency - to find the way back home. From an early age, various coordinates have driven her in a search in which art has been the seamstress of her stories.<br><br>Graduated in Social and Cultural Communication (Catholic University of Portugal) and Master in Theatre and Community (ESTC). Integrative Therapist, student of Somatic Psychotherapy (CPSB) and Coach certified by ICF. Postgraduate in Applied Expressive Techniques: Health, Organizations and Community (ISLA) and in Communication Sciences from the Catholic University of Lisbon. Specialized in Meisner Technique (John Frey) and Clown Technique (Caroline Dream, Mick Barnfather).<br><br>Born in Lisbon, she is the granddaughter of Ana Rosa Duarte, from Tomar, and Nandu Bai, from Di\u00fa, India. Little did these two women, thousands of kilometers apart on two different continents, imagine that they would become grandmothers to the same granddaughter. Chandi began her artistic career training as an actress. She developed a professional career as a performer, storyteller and facilitator of creative research labs, crossing personal development and the performing arts. In recent years, the artist has explored themes such as IDENTITY, MEMORY and TERRITORY as a singer-songwriter.<br><br>The artist published her first book O Grito da Bananeira in 2018 and uses the coordinates \u2018Affection, Art and Nature\u2019 in her professional career and personal background to humanize the projects, services and institutions she works with.<br><br>She met and fell in love with the \u2018Musicians Without Borders\u2019 method and had the opportunity to learn this method, certifying herself as a Community Music Leader in 2017.<br><br>Her musical and singing training has ranged from jazz to bossa nova and world music. Her career has included the Hot Club, and also Zygmunt Molik's method through the workshops she did with Jorge Parente. Her learning has also been enhanced by sharing and meeting other renowned masters such as Ana Luiza (Brazil), Fernando Barba (Brazil), Ghatam Vaidyanathan Suresh (India), Ratna Sarkar (India), Hilde Kappes (Germany), Jo\u00e3o Charepe (Portugal) and Jo\u00e3o Paulo Reya (Portugal).<\/p><\/div><\/div>\n<\/div>\n\n\n\n<div class=\"wp-block-uagb-container uagb-block-2ca5a89e\">\n<div class=\"wp-block-uagb-image aligncenter uagb-block-6f8e6cd4 wp-block-uagb-image--layout-default wp-block-uagb-image--effect-static wp-block-uagb-image--align-center\"><figure class=\"wp-block-uagb-image__figure\"><img loading=\"lazy\" decoding=\"async\" srcset=\"https:\/\/chandiartist.com\/wp-content\/uploads\/2024\/10\/sobre-inspiracoes-683x1024.jpg ,https:\/\/chandiartist.com\/wp-content\/uploads\/2024\/10\/sobre-inspiracoes.jpg 780w, https:\/\/chandiartist.com\/wp-content\/uploads\/2024\/10\/sobre-inspiracoes.jpg 360w\" sizes=\"auto, (max-width: 480px) 150px\" src=\"https:\/\/chandiartist.com\/wp-content\/uploads\/2024\/10\/sobre-inspiracoes-683x1024.jpg\" alt=\"sobre-inspirac\u0327o\u0303es\" class=\"uag-image-1977\" width=\"683\" height=\"1024\" title=\"sobre-inspirac\u0327o\u0303es\" role=\"img\"\/><\/figure><\/div>\n<\/div>\n\n\n\n<div class=\"wp-block-uagb-container uagb-block-7ad41115\">\n<div class=\"wp-block-uagb-info-box uagb-block-804443fe uagb-infobox__content-wrap  uagb-infobox-icon-above-title uagb-infobox-image-valign-top\"><div class=\"uagb-ifb-content\"><div class=\"uagb-ifb-title-wrap\"><h4 class=\"uagb-ifb-title\"><strong>INSPIRATIONS &amp; RESEARCH<\/strong><br><\/h4><\/div><p class=\"uagb-ifb-desc\">Artists from universes as diverse as Fausto, Zeca Afonso, Dulce Pontes, Madredeus, Nitin Sawnhey, Anoushka Shankar, A R Rahman, Susana Baca, Tcheka, Bobby Mcferrin, Sara Tavares, Dazkarieh, Vinicius de Moraes, Tigan\u00e1 Santana, Renata Rosa and Richard Bona are just some of the musical and artistic references that inspire the singer to create.&nbsp;<br><br>She returned to Portugal in December 2019 after a period of travelling around Europe, Africa and South America. As an artist and researcher, these trips enabled her to experience an intense process of cultural exchange and ethnographic research. Ana Pracaschandra aka Chandi is inspired by people, stories and art to stimulate the diversity of themes that she addresses in her research and her projects.<br><\/p><\/div><\/div>\n<\/div>\n<\/div><\/div>\n\n\n\n<div class=\"wp-block-uagb-container uagb-block-9a76cc76 alignfull uagb-is-root-container\"><div class=\"uagb-container__shape uagb-container__shape-top uagb-container__shape-flip\"><svg xmlns=\"https:\/\/www.w3.org\/2000\/svg\" viewbox=\"0 0 1000 100\" preserveaspectratio=\"none\"><path class=\"uagb-container__shape-fill\" d=\"M0,6V0h1000v100L0,6z\"><\/path><\/svg><\/div><div class=\"uagb-container__shape uagb-container__shape-bottom uagb-container__shape-flip uagb-container__invert\" data-negative=\"false\"><svg xmlns=\"https:\/\/www.w3.org\/2000\/svg\" viewbox=\"0 0 1000 100\" preserveaspectratio=\"none\"><path class=\"uagb-container__shape-fill\" d=\"M0,6V0h1000v100L0,6z\"><\/path><\/svg><\/div>\n<div class=\"wp-block-uagb-advanced-heading uagb-block-3bcea69c\"><h2 class=\"uagb-heading-text\">Highlights<\/h2><\/div>\n<\/div>\n\n\n\n<div class=\"wp-block-uagb-container uagb-block-c0a48b66 alignfull uagb-is-root-container\"><div class=\"uagb-container-inner-blocks-wrap\">\n<div class=\"wp-block-uagb-container uagb-block-a353695c\">\n<div class=\"wp-block-uagb-info-box uagb-block-73dd107e uagb-infobox__content-wrap  uagb-infobox-icon-above-title uagb-infobox-image-valign-top\"><div class=\"uagb-ifb-content\"><div class=\"uagb-ifb-title-wrap\"><h4 class=\"uagb-ifb-title\">Book<\/h4><\/div><p class=\"uagb-ifb-desc\">&#8220;Grito da Bananeira&#8221;<\/p><\/div><\/div>\n\n\n\n<figure class=\"wp-block-embed is-type-video is-provider-youtube wp-block-embed-youtube wp-embed-aspect-4-3 wp-has-aspect-ratio\"><div class=\"wp-block-embed__wrapper\">\n<div class=\"ast-oembed-container\" style=\"height: 100%;\"><iframe title=\"Portuguese author Ana Pracaschandra launches Grito da bananeira in Mindelo\" width=\"500\" height=\"375\" src=\"https:\/\/www.youtube.com\/embed\/1bAsucznRc0?feature=oembed\" frameborder=\"0\" allow=\"accelerometer; autoplay; clipboard-write; encrypted-media; gyroscope; picture-in-picture; web-share\" referrerpolicy=\"strict-origin-when-cross-origin\" allowfullscreen><\/iframe><\/div>\n<\/div><\/figure>\n<\/div>\n\n\n\n<div class=\"wp-block-uagb-container uagb-block-2c21ffaf\">\n<div class=\"wp-block-uagb-info-box uagb-block-04287a25 uagb-infobox__content-wrap  uagb-infobox-icon-above-title uagb-infobox-image-valign-top\"><div class=\"uagb-ifb-content\"><div class=\"uagb-ifb-title-wrap\"><h4 class=\"uagb-ifb-title\">Single<\/h4><\/div><p class=\"uagb-ifb-desc\">Oxal\u00e1<\/p><\/div><\/div>\n\n\n\n<figure class=\"wp-block-embed is-type-video is-provider-youtube wp-block-embed-youtube wp-embed-aspect-16-9 wp-has-aspect-ratio\"><div class=\"wp-block-embed__wrapper\">\n<div class=\"ast-oembed-container\" style=\"height: 100%;\"><iframe title=\"Chandi - Oxal\u00e1 (com Celina da Piedade) - V\u00eddeo Oficial\" width=\"500\" height=\"281\" src=\"https:\/\/www.youtube.com\/embed\/VzSMWmYqi-g?feature=oembed\" frameborder=\"0\" allow=\"accelerometer; autoplay; clipboard-write; encrypted-media; gyroscope; picture-in-picture; web-share\" referrerpolicy=\"strict-origin-when-cross-origin\" allowfullscreen><\/iframe><\/div>\n<\/div><\/figure>\n<\/div>\n<\/div><\/div>\n\n\n\n<div class=\"wp-block-uagb-container uagb-block-28d1d638 alignfull uagb-is-root-container\"><div class=\"uagb-container__shape uagb-container__shape-top uagb-container__shape-flip\"><svg xmlns=\"https:\/\/www.w3.org\/2000\/svg\" viewbox=\"0 0 1000 100\" preserveaspectratio=\"none\"><path class=\"uagb-container__shape-fill\" d=\"M0,6V0h1000v100L0,6z\"><\/path><\/svg><\/div><div class=\"uagb-container__shape uagb-container__shape-bottom uagb-container__shape-flip uagb-container__invert\" data-negative=\"false\"><svg xmlns=\"https:\/\/www.w3.org\/2000\/svg\" viewbox=\"0 0 1000 100\" preserveaspectratio=\"none\"><path class=\"uagb-container__shape-fill\" d=\"M0,6V0h1000v100L0,6z\"><\/path><\/svg><\/div>\n<div class=\"wp-block-uagb-advanced-heading uagb-block-6f99f160\"><h3 class=\"uagb-heading-text\">Upcoming events<\/h3><\/div>\n<\/div>\n\n\n\n<div class=\"wp-block-uagb-container uagb-block-ec01e66e alignfull uagb-is-root-container\"><div class=\"uagb-container-inner-blocks-wrap\">\n<div class=\"wp-block-uagb-advanced-heading uagb-block-cca27c6a\"><h4 class=\"uagb-heading-text\">News<\/h4><p class=\"uagb-desc-text\">Here you can keep up to date with all the artist's news<\/p><\/div>\n\n\n\n<div class=\"wp-block-uagb-container uagb-layout-grid uagb-block-40f2222f alignfull uagb-is-root-container\"><div class=\"uagb-container-inner-blocks-wrap\">\n<div class=\"wp-block-uagb-advanced-heading uagb-block-63d16b04\"><h5 class=\"uagb-heading-text\">21 <br>Nov<\/h5><\/div>\n\n\n\n<div class=\"wp-block-uagb-advanced-heading uagb-block-48eb79a4\"><\/div>\n\n\n\n<div class=\"wp-block-uagb-advanced-heading uagb-block-49393b49\"><h6 class=\"uagb-heading-text\">New release OXAL\u00c1<\/h6><\/div>\n\n\n\n<div class=\"wp-block-uagb-buttons uagb-buttons__outer-wrap uagb-btn__default-btn uagb-btn-tablet__default-btn uagb-btn-mobile__default-btn uagb-block-a40159a8\"><div class=\"uagb-buttons__wrap uagb-buttons-layout-wrap\">\n<div class=\"wp-block-uagb-buttons-child uagb-buttons__outer-wrap uagb-block-c6559906 wp-block-button\"><div class=\"uagb-button__wrapper\"><a class=\"uagb-buttons-repeater wp-block-button__link\" aria-label=\"\" href=\"https:\/\/www.youtube.com\/watch?v=VzSMWmYqi-g&amp;ab_channel=Chandi\" rel=\"follow noopener\" target=\"_self\" role=\"button\"><div class=\"uagb-button__link\">ver<\/div><\/a><\/div><\/div>\n<\/div><\/div>\n<\/div><\/div>\n\n\n\n<div class=\"wp-block-uagb-container uagb-layout-grid uagb-block-99e2dfd6 alignfull uagb-is-root-container\"><div class=\"uagb-container-inner-blocks-wrap\">\n<div class=\"wp-block-uagb-advanced-heading uagb-block-4c8c7764\"><h5 class=\"uagb-heading-text\">1 <br>Feb 2025<\/h5><\/div>\n\n\n\n<div class=\"wp-block-uagb-advanced-heading uagb-block-39582c62\"><h6 class=\"uagb-heading-text\">Museu do Oriente<\/h6><\/div>\n\n\n\n<div class=\"wp-block-uagb-advanced-heading uagb-block-4bc70938\"><h6 class=\"uagb-heading-text\">Workshop <br>The Therapeutic Power of the Sound<\/h6><\/div>\n\n\n\n<div class=\"wp-block-uagb-buttons uagb-buttons__outer-wrap uagb-btn__default-btn uagb-btn-tablet__default-btn uagb-btn-mobile__default-btn uagb-block-4dbbc43a\"><div class=\"uagb-buttons__wrap uagb-buttons-layout-wrap\">\n<div class=\"wp-block-uagb-buttons-child uagb-buttons__outer-wrap uagb-block-3b5f1c47 wp-block-button\"><div class=\"uagb-button__wrapper\"><a class=\"uagb-buttons-repeater wp-block-button__link\" aria-label=\"\" href=\"https:\/\/www.bol.pt\/Comprar\/Bilhetes\/147361-oficina_o_poder_terapeutico_do_som_voz_mantras_e_vibracao-museu_do_oriente\/\" rel=\"follow noopener\" target=\"_self\" role=\"button\"><div class=\"uagb-button__link\">Enroll<\/div><\/a><\/div><\/div>\n<\/div><\/div>\n<\/div><\/div>\n<\/div><\/div>","protected":false},"excerpt":{"rendered":"<p>Ch\u00e3o p&#8217;ra voar Sobre mim Aprendemos sobre ser humanos desde o momento em que fomos concebidos: numa ideia ou na barriga da nossa m\u00e3e. E todos viemos de uma m\u00e3e. Afetamos e somos afetados. Todos. \u00c9 nas primeiras sensa\u00e7\u00f5es que se imprimem muitos dos nossos mecanismos de absor\u00e7\u00e3o e de resposta ao Mundo. Ser\u00e1 a [&hellip;]<\/p>","protected":false},"author":1,"featured_media":0,"parent":0,"menu_order":0,"comment_status":"closed","ping_status":"closed","template":"","meta":{"_uag_custom_page_level_css":"","site-sidebar-layout":"no-sidebar","site-content-layout":"plain-container","ast-site-content-layout":"normal-width-container","site-content-style":"unboxed","site-sidebar-style":"unboxed","ast-global-header-display":"","ast-banner-title-visibility":"","ast-main-header-display":"","ast-hfb-above-header-display":"","ast-hfb-below-header-display":"","ast-hfb-mobile-header-display":"","site-post-title":"disabled","ast-breadcrumbs-content":"","ast-featured-img":"disabled","footer-sml-layout":"","theme-transparent-header-meta":"enabled","adv-header-id-meta":"","stick-header-meta":"","header-above-stick-meta":"","header-main-stick-meta":"","header-below-stick-meta":"","astra-migrate-meta-layouts":"set","ast-page-background-enabled":"default","ast-page-background-meta":{"desktop":{"background-color":"","background-image":"","background-repeat":"repeat","background-position":"center center","background-size":"auto","background-attachment":"scroll","background-type":"","background-media":"","overlay-type":"","overlay-color":"","overlay-opacity":"","overlay-gradient":""},"tablet":{"background-color":"","background-image":"","background-repeat":"repeat","background-position":"center center","background-size":"auto","background-attachment":"scroll","background-type":"","background-media":"","overlay-type":"","overlay-color":"","overlay-opacity":"","overlay-gradient":""},"mobile":{"background-color":"","background-image":"","background-repeat":"repeat","background-position":"center center","background-size":"auto","background-attachment":"scroll","background-type":"","background-media":"","overlay-type":"","overlay-color":"","overlay-opacity":"","overlay-gradient":""}},"ast-content-background-meta":{"desktop":{"background-color":"var(--ast-global-color-5)","background-image":"","background-repeat":"repeat","background-position":"center center","background-size":"auto","background-attachment":"scroll","background-type":"","background-media":"","overlay-type":"","overlay-color":"","overlay-opacity":"","overlay-gradient":""},"tablet":{"background-color":"var(--ast-global-color-5)","background-image":"","background-repeat":"repeat","background-position":"center center","background-size":"auto","background-attachment":"scroll","background-type":"","background-media":"","overlay-type":"","overlay-color":"","overlay-opacity":"","overlay-gradient":""},"mobile":{"background-color":"var(--ast-global-color-5)","background-image":"","background-repeat":"repeat","background-position":"center center","background-size":"auto","background-attachment":"scroll","background-type":"","background-media":"","overlay-type":"","overlay-color":"","overlay-opacity":"","overlay-gradient":""}},"footnotes":""},"class_list":["post-774","page","type-page","status-publish","hentry"],"uagb_featured_image_src":{"full":false,"thumbnail":false,"medium":false,"medium_large":false,"large":false,"1536x1536":false,"2048x2048":false,"trp-custom-language-flag":false},"uagb_author_info":{"display_name":"chandiar","author_link":"https:\/\/chandiartist.com\/en\/author\/chandiar\/"},"uagb_comment_info":0,"uagb_excerpt":"Ch\u00e3o p&#8217;ra voar Sobre mim Aprendemos sobre ser humanos desde o momento em que fomos concebidos: numa ideia ou na barriga da nossa m\u00e3e. E todos viemos de uma m\u00e3e. Afetamos e somos afetados. Todos. \u00c9 nas primeiras sensa\u00e7\u00f5es que se imprimem muitos dos nossos mecanismos de absor\u00e7\u00e3o e de resposta ao Mundo. Ser\u00e1 a&hellip;","_links":{"self":[{"href":"https:\/\/chandiartist.com\/en\/wp-json\/wp\/v2\/pages\/774","targetHints":{"allow":["GET"]}}],"collection":[{"href":"https:\/\/chandiartist.com\/en\/wp-json\/wp\/v2\/pages"}],"about":[{"href":"https:\/\/chandiartist.com\/en\/wp-json\/wp\/v2\/types\/page"}],"author":[{"embeddable":true,"href":"https:\/\/chandiartist.com\/en\/wp-json\/wp\/v2\/users\/1"}],"replies":[{"embeddable":true,"href":"https:\/\/chandiartist.com\/en\/wp-json\/wp\/v2\/comments?post=774"}],"version-history":[{"count":28,"href":"https:\/\/chandiartist.com\/en\/wp-json\/wp\/v2\/pages\/774\/revisions"}],"predecessor-version":[{"id":2326,"href":"https:\/\/chandiartist.com\/en\/wp-json\/wp\/v2\/pages\/774\/revisions\/2326"}],"wp:attachment":[{"href":"https:\/\/chandiartist.com\/en\/wp-json\/wp\/v2\/media?parent=774"}],"curies":[{"name":"wp","href":"https:\/\/api.w.org\/{rel}","templated":true}]}}