{"id":772,"date":"2024-08-28T10:00:10","date_gmt":"2024-08-28T10:00:10","guid":{"rendered":"https:\/\/chandiartist.com\/home\/"},"modified":"2024-12-30T16:49:27","modified_gmt":"2024-12-30T16:49:27","slug":"home","status":"publish","type":"page","link":"https:\/\/chandiartist.com\/en\/","title":{"rendered":"Home"},"content":{"rendered":"<div class=\"wp-block-uagb-container uagb-block-1062d911 alignfull uagb-is-root-container\"><div class=\"uagb-container-inner-blocks-wrap\">\n<div class=\"wp-block-uagb-advanced-heading uagb-block-75e2ce54 uag-hide-desktop uag-hide-tab\"><h6 class=\"uagb-heading-text\"><strong><em>Embodying art and Connecting worlds<\/em><\/strong><\/h6><\/div>\n\n\n\n<div class=\"wp-block-uagb-info-box uagb-block-e6a718c0 uagb-infobox__content-wrap  uagb-infobox-icon-above-title uagb-infobox-image-valign-top uag-hide-mob\"><div class=\"uagb-ifb-content\"><div class=\"uagb-ifb-title-wrap\"><h6 class=\"uagb-ifb-title-prefix\"><strong><em>Embodying art and Connecting worlds<\/em><\/strong><\/h6><h1 class=\"uagb-ifb-title\">Chandi<\/h1><\/div><div class=\"uagb-ifb-button-wrapper wp-block-button\"><a href=\"https:\/\/chandiartist.com\/en\/sobre\/\" class=\"uagb-infobox-cta-link wp-block-button__link\" target=\"_self\" rel=\"noopener noreferrer\" onclick=\"return true;\"><span class=\"uagb-inline-editing\">FIND OUT MORE<\/span><\/a><\/div><\/div><\/div>\n\n\n\n<div class=\"wp-block-uagb-info-box uagb-block-021b54d3 uagb-infobox__content-wrap  uagb-infobox-icon-above-title uagb-infobox-image-valign-top wp-block-uagb-info-box--has-margin uag-hide-desktop uag-hide-tab\"><div class=\"uagb-infobox-margin-wrapper\"><div class=\"uagb-ifb-content\"><div class=\"uagb-ifb-title-wrap\"><h1 class=\"uagb-ifb-title\">Chandi<\/h1><\/div><div class=\"uagb-ifb-button-wrapper wp-block-button\"><a href=\"https:\/\/chandiartist.com\/en\/sobre\/\" class=\"uagb-infobox-cta-link wp-block-button__link\" target=\"_self\" rel=\"noopener noreferrer\" onclick=\"return true;\"><span class=\"uagb-inline-editing\">FIND OUT MORE<\/span><\/a><\/div><\/div><\/div><\/div>\n\n\n\n<div class=\"wp-block-uagb-icon-list uagb-block-c82721c6\"><div class=\"uagb-icon-list__wrap\">\n<div class=\"wp-block-uagb-icon-list-child uagb-block-70dd8d40\"><a target=\"_blank\" aria-label=\"List item\" rel=\"noopener noreferrer\" href=\"https:\/\/www.instagram.com\/chandiartist\/\"> <\/a><span class=\"uagb-icon-list__source-wrap\"><svg xmlns=\"https:\/\/www.w3.org\/2000\/svg\" viewbox=\"0 0 448 512\"><path d=\"M224.1 141c-63.6 0-114.9 51.3-114.9 114.9s51.3 114.9 114.9 114.9S339 319.5 339 255.9 287.7 141 224.1 141zm0 189.6c-41.1 0-74.7-33.5-74.7-74.7s33.5-74.7 74.7-74.7 74.7 33.5 74.7 74.7-33.6 74.7-74.7 74.7zm146.4-194.3c0 14.9-12 26.8-26.8 26.8-14.9 0-26.8-12-26.8-26.8s12-26.8 26.8-26.8 26.8 12 26.8 26.8zm76.1 27.2c-1.7-35.9-9.9-67.7-36.2-93.9-26.2-26.2-58-34.4-93.9-36.2-37-2.1-147.9-2.1-184.9 0-35.8 1.7-67.6 9.9-93.9 36.1s-34.4 58-36.2 93.9c-2.1 37-2.1 147.9 0 184.9 1.7 35.9 9.9 67.7 36.2 93.9s58 34.4 93.9 36.2c37 2.1 147.9 2.1 184.9 0 35.9-1.7 67.7-9.9 93.9-36.2 26.2-26.2 34.4-58 36.2-93.9 2.1-37 2.1-147.8 0-184.8zM398.8 388c-7.8 19.6-22.9 34.7-42.6 42.6-29.5 11.7-99.5 9-132.1 9s-102.7 2.6-132.1-9c-19.6-7.8-34.7-22.9-42.6-42.6-11.7-29.5-9-99.5-9-132.1s-2.6-102.7 9-132.1c7.8-19.6 22.9-34.7 42.6-42.6 29.5-11.7 99.5-9 132.1-9s102.7-2.6 132.1 9c19.6 7.8 34.7 22.9 42.6 42.6 11.7 29.5 9 99.5 9 132.1s2.7 102.7-9 132.1z\"><\/path><\/svg><\/span><\/div>\n\n\n\n<div class=\"wp-block-uagb-icon-list-child uagb-block-13f40e1f\"><a target=\"_blank\" aria-label=\"List item\" rel=\"noopener noreferrer\" href=\"https:\/\/www.facebook.com\/chandiartist\/\"> <\/a><span class=\"uagb-icon-list__source-wrap\"><svg xmlns=\"https:\/\/www.w3.org\/2000\/svg\" viewbox=\"0 0 320 512\"><path d=\"M279.1 288l14.22-92.66h-88.91v-60.13c0-25.35 12.42-50.06 52.24-50.06h40.42V6.26S260.4 0 225.4 0c-73.22 0-121.1 44.38-121.1 124.7v70.62H22.89V288h81.39v224h100.2V288z\"><\/path><\/svg><\/span><\/div>\n\n\n\n<div class=\"wp-block-uagb-icon-list-child uagb-block-771360eb\"><a target=\"_blank\" aria-label=\"List item\" rel=\"noopener noreferrer\" href=\"https:\/\/www.youtube.com\/@chandiartist\"> <\/a><span class=\"uagb-icon-list__source-wrap\"><svg xmlns=\"https:\/\/www.w3.org\/2000\/svg\" viewbox=\"0 0 576 512\"><path d=\"M549.7 124.1c-6.281-23.65-24.79-42.28-48.28-48.6C458.8 64 288 64 288 64S117.2 64 74.63 75.49c-23.5 6.322-42 24.95-48.28 48.6-11.41 42.87-11.41 132.3-11.41 132.3s0 89.44 11.41 132.3c6.281 23.65 24.79 41.5 48.28 47.82C117.2 448 288 448 288 448s170.8 0 213.4-11.49c23.5-6.321 42-24.17 48.28-47.82 11.41-42.87 11.41-132.3 11.41-132.3s0-89.44-11.41-132.3zm-317.5 213.5V175.2l142.7 81.21-142.7 81.2z\"><\/path><\/svg><\/span><\/div>\n\n\n\n<div class=\"wp-block-uagb-icon-list-child uagb-block-3db565fb\"><a target=\"_blank\" aria-label=\"List item\" rel=\"noopener noreferrer\" href=\"https:\/\/open.spotify.com\/intl-pt\/artist\/4deUZtzV5mlWUMTLYR8uyj?si=ySsEIYjqQ62FFm1_MAD9Zw&amp;nd=1&amp;dlsi=27172f481f974a5e\"> <\/a><span class=\"uagb-icon-list__source-wrap\"><svg xmlns=\"https:\/\/www.w3.org\/2000\/svg\" viewbox=\"0 0 496 512\"><path d=\"M248 8C111.1 8 0 119.1 0 256s111.1 248 248 248 248-111.1 248-248S384.9 8 248 8zm100.7 364.9c-4.2 0-6.8-1.3-10.7-3.6-62.4-37.6-135-39.2-206.7-24.5-3.9 1-9 2.6-11.9 2.6-9.7 0-15.8-7.7-15.8-15.8 0-10.3 6.1-15.2 13.6-16.8 81.9-18.1 165.6-16.5 237 26.2 6.1 3.9 9.7 7.4 9.7 16.5s-7.1 15.4-15.2 15.4zm26.9-65.6c-5.2 0-8.7-2.3-12.3-4.2-62.5-37-155.7-51.9-238.6-29.4-4.8 1.3-7.4 2.6-11.9 2.6-10.7 0-19.4-8.7-19.4-19.4s5.2-17.8 15.5-20.7c27.8-7.8 56.2-13.6 97.8-13.6 64.9 0 127.6 16.1 177 45.5 8.1 4.8 11.3 11 11.3 19.7-.1 10.8-8.5 19.5-19.4 19.5zm31-76.2c-5.2 0-8.4-1.3-12.9-3.9-71.2-42.5-198.5-52.7-280.9-29.7-3.6 1-8.1 2.6-12.9 2.6-13.2 0-23.3-10.3-23.3-23.6 0-13.6 8.4-21.3 17.4-23.9 35.2-10.3 74.6-15.2 117.5-15.2 73 0 149.5 15.2 205.4 47.8 7.8 4.5 12.9 10.7 12.9 22.6 0 13.6-11 23.3-23.2 23.3z\"><\/path><\/svg><\/span><\/div>\n<\/div><\/div>\n<\/div><\/div>\n\n\n\n<div class=\"wp-block-uagb-container uagb-block-e36bd128 alignfull uagb-is-root-container\"><div class=\"uagb-container-inner-blocks-wrap\">\n<div class=\"wp-block-uagb-container uagb-block-d61268b4 alignfull uagb-is-root-container\"><div class=\"uagb-container-inner-blocks-wrap\">\n<div class=\"wp-block-uagb-advanced-heading uagb-block-3811557c\"><h5 class=\"uagb-heading-text\"><strong>Multidisciplinar artist, researcher, <\/strong><br><strong>Trainer <\/strong><strong>&amp;Therapist<\/strong><\/h5><p class=\"uagb-desc-text\"><em>(...) \"It\u2019s about feeling safe, grateful and free in the body you live in.\"<\/em>&#8220;<\/p><\/div>\n\n\n\n<div class=\"wp-block-uagb-advanced-heading uagb-block-4bb7ad2a\"><h6 class=\"uagb-heading-text\"><em>CHANDI<\/em><\/h6><\/div>\n<\/div><\/div>\n\n\n\n<div class=\"wp-block-uagb-container uagb-block-6e9ef4ab alignfull uagb-is-root-container\"><div class=\"uagb-container-inner-blocks-wrap\">\n<div class=\"wp-block-uagb-advanced-heading uagb-block-40651f75\"><h4 class=\"uagb-heading-text\">CHANDIARTIST<\/h4><p class=\"uagb-desc-text\">This project is the new digital home where Chandi invites you to get to know her professional background\u2019s heart.<\/p><\/div>\n\n\n\n<div class=\"wp-block-uagb-image aligncenter uagb-block-c6e94f36 wp-block-uagb-image--layout-default wp-block-uagb-image--effect-static wp-block-uagb-image--align-center\"><figure class=\"wp-block-uagb-image__figure\"><img loading=\"lazy\" decoding=\"async\" srcset=\"https:\/\/chandiartist.com\/wp-content\/uploads\/2024\/10\/coracao-chandi-artist-1024x576.png ,https:\/\/chandiartist.com\/wp-content\/uploads\/2024\/10\/coracao-chandi-artist-300x169.png 780w, https:\/\/chandiartist.com\/wp-content\/uploads\/2024\/10\/coracao-chandi-artist-300x169.png 360w\" sizes=\"auto, (max-width: 480px) 150px\" src=\"https:\/\/chandiartist.com\/wp-content\/uploads\/2024\/10\/coracao-chandi-artist-1024x576.png\" alt=\"\" class=\"uag-image-1935\" width=\"1024\" height=\"576\" title=\"cora\u00e7\u00e3o\" role=\"img\"\/><\/figure><\/div>\n<\/div><\/div>\n<\/div><\/div>\n\n\n\n<div class=\"wp-block-uagb-container uagb-layout-grid uagb-block-37cdd5ec alignfull uagb-is-root-container\">\n<div class=\"wp-block-uagb-image uagb-block-4a0b2400 wp-block-uagb-image--layout-default wp-block-uagb-image--effect-static wp-block-uagb-image--align-none\"><figure class=\"wp-block-uagb-image__figure\"><img loading=\"lazy\" decoding=\"async\" srcset=\"https:\/\/chandiartist.com\/wp-content\/uploads\/2024\/10\/sobre-chandi-home-1.jpg ,https:\/\/chandiartist.com\/wp-content\/uploads\/2024\/10\/sobre-chandi-home-1.jpg 780w, https:\/\/chandiartist.com\/wp-content\/uploads\/2024\/10\/sobre-chandi-home-1.jpg 360w\" sizes=\"auto, (max-width: 480px) 150px\" src=\"https:\/\/chandiartist.com\/wp-content\/uploads\/2024\/10\/sobre-chandi-home-1.jpg\" alt=\"\" class=\"uag-image-1986\" width=\"800\" height=\"1200\" title=\"sobre-chandi-home\" role=\"img\"\/><\/figure><\/div>\n\n\n\n<div class=\"wp-block-uagb-advanced-heading uagb-block-ad47c7e4\"><h4 class=\"uagb-heading-text\">About<\/h4><p class=\"uagb-desc-text\">Ana Pracaschandra, known as Chandi, is a multidisciplinary artist, researcher, trainer and body-mind-spirit therapist. The Portuguese creator with Indian origins, has grown up with a creative urgency - find the way back home.<br><br>From an early age, several coordinates have driven her towards research in which art has been the seamstress of her stories. <br>She has developed a professional career as an actress, story writer and facilitator of creative research laboratories, combining personal development and the performing arts. <br><br>In recent years, the artist has researched topics such as <strong>IDENTITY,<\/strong>, <strong>MEMORY<\/strong> and <strong>TERRITORY<\/strong>as a singer-songwriter.&nbsp;<br><\/p><\/div>\n<\/div>\n\n\n\n<div class=\"wp-block-uagb-container uagb-block-492517c1 alignfull uagb-is-root-container\">\n<div class=\"wp-block-uagb-container uagb-block-3e7a3f10\">\n<div class=\"wp-block-uagb-advanced-heading uagb-block-022d68e7\"><h4 class=\"uagb-heading-text\">CCCCHANDI<\/h4><p class=\"uagb-desc-text\">Culture<br>Creativity<br>Communication<br>Community<br><br>CHANDI's work stands out for its broad and integral vision in the field of Culture, for its specialization in Communication through the artistic projects it develops in the Community, and for its intervention in various realities in terms of creativity.&nbsp;<\/p><\/div>\n<\/div>\n\n\n\n<div class=\"wp-block-uagb-image uagb-block-116fd27b wp-block-uagb-image--layout-default wp-block-uagb-image--effect-static wp-block-uagb-image--align-none\"><figure class=\"wp-block-uagb-image__figure\"><img loading=\"lazy\" decoding=\"async\" srcset=\"https:\/\/chandiartist.com\/wp-content\/uploads\/2024\/10\/sobre-2.jpg ,https:\/\/chandiartist.com\/wp-content\/uploads\/2024\/10\/sobre-2.jpg 780w, https:\/\/chandiartist.com\/wp-content\/uploads\/2024\/10\/sobre-2.jpg 360w\" sizes=\"auto, (max-width: 480px) 150px\" src=\"https:\/\/chandiartist.com\/wp-content\/uploads\/2024\/10\/sobre-2.jpg\" alt=\"sobre Chandi\" class=\"uag-image-1979\" width=\"800\" height=\"1200\" title=\"sobre Chandi\" role=\"img\"\/><\/figure><\/div>\n<\/div>\n\n\n\n<div class=\"wp-block-uagb-container uagb-block-79d923b4 alignfull uagb-is-root-container\"><div class=\"uagb-container-inner-blocks-wrap\">\n<div class=\"wp-block-uagb-advanced-heading uagb-block-5e18803e\"><h4 class=\"uagb-heading-text\">Professional Skills<\/h4><\/div>\n<\/div><\/div>\n\n\n\n<div class=\"wp-block-uagb-container uagb-layout-grid uagb-block-c6217d5f alignfull uagb-is-root-container\">\n<div class=\"wp-block-uagb-container uagb-block-acca4a81\">\n<div class=\"wp-block-uagb-advanced-heading uagb-block-05e6f267\"><h2 class=\"uagb-heading-text\">Concerts <br>Performances<\/h2><\/div>\n\n\n\n<div class=\"wp-block-uagb-buttons uagb-buttons__outer-wrap uagb-btn__default-btn uagb-btn-tablet__default-btn uagb-btn-mobile__default-btn uagb-block-84fcace5\"><div class=\"uagb-buttons__wrap uagb-buttons-layout-wrap\">\n<div class=\"wp-block-uagb-buttons-child uagb-buttons__outer-wrap uagb-block-7342bb57 wp-block-button\"><div class=\"uagb-button__wrapper\"><a class=\"uagb-buttons-repeater wp-block-button__link\" aria-label=\"\" href=\"https:\/\/chandiartist.com\/en\/servicos\/performances-e-concertos\/\" rel=\"follow noopener\" target=\"_blank\" role=\"button\"><div class=\"uagb-button__link\">learn more<\/div><\/a><\/div><\/div>\n<\/div><\/div>\n<\/div>\n\n\n\n<div class=\"wp-block-uagb-container uagb-block-4dcaa40e\">\n<div class=\"wp-block-uagb-advanced-heading uagb-block-a2075701\"><h2 class=\"uagb-heading-text\">Creative <br>Labs<\/h2><\/div>\n\n\n\n<div class=\"wp-block-uagb-buttons uagb-buttons__outer-wrap uagb-btn__default-btn uagb-btn-tablet__default-btn uagb-btn-mobile__default-btn uagb-block-981658b4\"><div class=\"uagb-buttons__wrap uagb-buttons-layout-wrap\">\n<div class=\"wp-block-uagb-buttons-child uagb-buttons__outer-wrap uagb-block-38905fb3 wp-block-button\"><div class=\"uagb-button__wrapper\"><a class=\"uagb-buttons-repeater wp-block-button__link\" aria-label=\"\" href=\"https:\/\/chandiartist.com\/en\/laboratorios-criativos\/\" rel=\"follow noopener\" target=\"_blank\" role=\"button\"><div class=\"uagb-button__link\">learn more<\/div><\/a><\/div><\/div>\n<\/div><\/div>\n<\/div>\n<\/div>\n\n\n\n<div class=\"wp-block-uagb-container uagb-layout-grid uagb-block-7bdb8080 alignfull uagb-is-root-container\">\n<div class=\"wp-block-uagb-container uagb-block-c9dff2c0\">\n<div class=\"wp-block-uagb-advanced-heading uagb-block-662f13aa\"><h2 class=\"uagb-heading-text\">Vocal Coaching<\/h2><\/div>\n\n\n\n<div class=\"wp-block-uagb-buttons uagb-buttons__outer-wrap uagb-btn__default-btn uagb-btn-tablet__default-btn uagb-btn-mobile__default-btn uagb-block-621cc27f\"><div class=\"uagb-buttons__wrap uagb-buttons-layout-wrap\">\n<div class=\"wp-block-uagb-buttons-child uagb-buttons__outer-wrap uagb-block-423f28a7 wp-block-button\"><div class=\"uagb-button__wrapper\"><a class=\"uagb-buttons-repeater wp-block-button__link\" aria-label=\"\" href=\"https:\/\/chandiartist.com\/en\/servicos\/coaching-vocal\/\" rel=\"follow noopener\" target=\"_blank\" role=\"button\"><div class=\"uagb-button__link\">learn more<\/div><\/a><\/div><\/div>\n<\/div><\/div>\n<\/div>\n\n\n\n<div class=\"wp-block-uagb-container uagb-block-79e38598\">\n<div class=\"wp-block-uagb-advanced-heading uagb-block-ae830423\"><h2 class=\"uagb-heading-text\">Therapies <\/h2><\/div>\n\n\n\n<div class=\"wp-block-uagb-buttons uagb-buttons__outer-wrap uagb-btn__default-btn uagb-btn-tablet__default-btn uagb-btn-mobile__default-btn uagb-block-c1933a53\"><div class=\"uagb-buttons__wrap uagb-buttons-layout-wrap\">\n<div class=\"wp-block-uagb-buttons-child uagb-buttons__outer-wrap uagb-block-24291c74 wp-block-button\"><div class=\"uagb-button__wrapper\"><a class=\"uagb-buttons-repeater wp-block-button__link\" aria-label=\"\" href=\"https:\/\/chandiartist.com\/en\/servicos\/terapias\/\" rel=\"follow noopener\" target=\"_blank\" role=\"button\"><div class=\"uagb-button__link\">learn more<\/div><\/a><\/div><\/div>\n<\/div><\/div>\n<\/div>\n<\/div>\n\n\n\n<div class=\"wp-block-uagb-container uagb-block-d3a59172 alignfull uagb-is-root-container\"><div class=\"uagb-container-inner-blocks-wrap\">\n<div class=\"wp-block-uagb-advanced-heading uagb-block-2bb91737\"><h4 class=\"uagb-heading-text\">Vocal Coaching<\/h4><p class=\"uagb-desc-text\">What is your voice saying to you?<\/p><\/div>\n<\/div><\/div>\n\n\n\n<div class=\"wp-block-uagb-container uagb-block-27d311b7 alignfull uagb-is-root-container\">\n<div class=\"wp-block-uagb-container uagb-block-a4da441d\">\n<div class=\"wp-block-uagb-image alignleft uagb-block-4f617e0b wp-block-uagb-image--layout-default wp-block-uagb-image--effect-static wp-block-uagb-image--align-left\"><figure class=\"wp-block-uagb-image__figure\"><img loading=\"lazy\" decoding=\"async\" srcset=\"https:\/\/chandiartist.com\/wp-content\/uploads\/2024\/10\/Coaching-Vocal-2.jpeg ,https:\/\/chandiartist.com\/wp-content\/uploads\/2024\/10\/Coaching-Vocal-2.jpeg 780w, https:\/\/chandiartist.com\/wp-content\/uploads\/2024\/10\/Coaching-Vocal-2.jpeg 360w\" sizes=\"auto, (max-width: 480px) 150px\" src=\"https:\/\/chandiartist.com\/wp-content\/uploads\/2024\/10\/Coaching-Vocal-2.jpeg\" alt=\"Coaching Vocal \" class=\"uag-image-2009\" width=\"1600\" height=\"1066\" title=\"Vocal Coaching \" role=\"img\"\/><\/figure><\/div>\n<\/div>\n\n\n\n<div class=\"wp-block-uagb-container uag-blocks-common-selector uagb-block-9f99447d\">\n<div class=\"wp-block-uagb-advanced-heading uagb-block-6eee5ad7\"><h4 class=\"uagb-heading-text\">Self-knowledge, Confidence &amp; Relaxation<\/h4><p class=\"uagb-desc-text\">For those who want to learn to listen to themselves and fall in love with their own voice.<\/p><\/div>\n\n\n\n<div class=\"wp-block-uagb-advanced-heading uagb-block-ad558516\"><p class=\"uagb-desc-text\">Vocal coaching is an opportunity to explore and connect with your own voice: your speaking, singing, dancing and even painting voice. <br>How far do you want to go with your voice? <br>Always remember: your voice is in your body. For anyone interested in a deep process of self-knowledge through the voice.<\/p><\/div>\n\n\n\n<div class=\"wp-block-uagb-buttons uagb-buttons__outer-wrap uagb-btn__default-btn uagb-btn-tablet__default-btn uagb-btn-mobile__default-btn uagb-block-a177b72b\"><div class=\"uagb-buttons__wrap uagb-buttons-layout-wrap\">\n<div class=\"wp-block-uagb-buttons-child uagb-buttons__outer-wrap uagb-block-46ea5538 wp-block-button\"><div class=\"uagb-button__wrapper\"><a class=\"uagb-buttons-repeater wp-block-button__link\" aria-label=\"\" href=\"https:\/\/calendly.com\/chandiartist\" rel=\"follow noopener\" target=\"_self\" role=\"button\"><div class=\"uagb-button__link\">Book Session<\/div><\/a><\/div><\/div>\n<\/div><\/div>\n<\/div>\n<\/div>\n\n\n\n<div class=\"wp-block-uagb-container uagb-block-ec01e66e alignfull uagb-is-root-container\"><div class=\"uagb-container-inner-blocks-wrap\">\n<div class=\"wp-block-uagb-advanced-heading uagb-block-cca27c6a\"><h4 class=\"uagb-heading-text\">News<\/h4><p class=\"uagb-desc-text\">Here you can keep up to date with all the artist's news<\/p><\/div>\n\n\n\n<div class=\"wp-block-uagb-container uagb-layout-grid uagb-block-40f2222f alignfull uagb-is-root-container\"><div class=\"uagb-container-inner-blocks-wrap\">\n<div class=\"wp-block-uagb-advanced-heading uagb-block-63d16b04\"><h5 class=\"uagb-heading-text\">31 <br>Jan<\/h5><\/div>\n\n\n\n<div class=\"wp-block-uagb-advanced-heading uagb-block-48eb79a4\"><h6 class=\"uagb-heading-text\">2025<\/h6><\/div>\n\n\n\n<div class=\"wp-block-uagb-advanced-heading uagb-block-49393b49\"><h6 class=\"uagb-heading-text\">NEW SINGLE Home<\/h6><\/div>\n\n\n\n<div class=\"wp-block-uagb-buttons uagb-buttons__outer-wrap uagb-btn__default-btn uagb-btn-tablet__default-btn uagb-btn-mobile__default-btn uagb-block-a40159a8\"><div class=\"uagb-buttons__wrap uagb-buttons-layout-wrap\">\n<div class=\"wp-block-uagb-buttons-child uagb-buttons__outer-wrap uagb-block-c6559906 wp-block-button\"><div class=\"uagb-button__wrapper\"><a class=\"uagb-buttons-repeater wp-block-button__link\" aria-label=\"\" href=\"https:\/\/distrokid.com\/hyperfollow\/chandi\/home-feat-mario-aphonso-iii--tc\" rel=\"follow noopener\" target=\"_self\" role=\"button\"><div class=\"uagb-button__link\">PRE-SAVE<\/div><\/a><\/div><\/div>\n<\/div><\/div>\n<\/div><\/div>\n\n\n\n<div class=\"wp-block-uagb-container uagb-layout-grid uagb-block-cb62c9e7 alignfull uagb-is-root-container\"><div class=\"uagb-container-inner-blocks-wrap\">\n<div class=\"wp-block-uagb-advanced-heading uagb-block-c50bee6e\"><h5 class=\"uagb-heading-text\">1 <br>Fev<\/h5><\/div>\n\n\n\n<div class=\"wp-block-uagb-advanced-heading uagb-block-ab10c3c3\"><h6 class=\"uagb-heading-text\">Museu do Oriente<\/h6><\/div>\n\n\n\n<div class=\"wp-block-uagb-advanced-heading uagb-block-9320dd62\"><h6 class=\"uagb-heading-text\">Workshop <br>The Therapeutic Power of the Sound<\/h6><\/div>\n\n\n\n<div class=\"wp-block-uagb-buttons uagb-buttons__outer-wrap uagb-btn__default-btn uagb-btn-tablet__default-btn uagb-btn-mobile__default-btn uagb-block-a1822a20\"><div class=\"uagb-buttons__wrap uagb-buttons-layout-wrap\">\n<div class=\"wp-block-uagb-buttons-child uagb-buttons__outer-wrap uagb-block-ad5ccaac wp-block-button\"><div class=\"uagb-button__wrapper\"><a class=\"uagb-buttons-repeater wp-block-button__link\" aria-label=\"\" href=\"https:\/\/www.bol.pt\/Comprar\/Bilhetes\/147361-oficina_o_poder_terapeutico_do_som_voz_mantras_e_vibracao-museu_do_oriente\/\" rel=\"follow noopener\" target=\"_self\" role=\"button\"><div class=\"uagb-button__link\">InscreVER<\/div><\/a><\/div><\/div>\n<\/div><\/div>\n<\/div><\/div>\n<\/div><\/div>\n\n\n\n<div class=\"wp-block-uagb-container uagb-block-df605caa alignfull uagb-is-root-container\">\n<div class=\"wp-block-uagb-container uagb-block-aa77d4a9\">\n<div class=\"wp-block-uagb-image alignleft uagb-block-86fd9282 wp-block-uagb-image--layout-default wp-block-uagb-image--effect-static wp-block-uagb-image--align-left\"><figure class=\"wp-block-uagb-image__figure\"><img loading=\"lazy\" decoding=\"async\" srcset=\"https:\/\/chandiartist.com\/wp-content\/uploads\/2024\/10\/chandi_newsletter.jpg ,https:\/\/chandiartist.com\/wp-content\/uploads\/2024\/10\/chandi_newsletter.jpg 780w, https:\/\/chandiartist.com\/wp-content\/uploads\/2024\/10\/chandi_newsletter.jpg 360w\" sizes=\"auto, (max-width: 480px) 150px\" src=\"https:\/\/chandiartist.com\/wp-content\/uploads\/2024\/10\/chandi_newsletter.jpg\" alt=\"chandi_newsletter\" class=\"uag-image-1983\" width=\"884\" height=\"453\" title=\"chandi_newsletter\" role=\"img\"\/><\/figure><\/div>\n<\/div>\n\n\n\n<div class=\"wp-block-uagb-container uagb-block-8d3daff8\">\n<div class=\"wp-block-uagb-advanced-heading uagb-block-6ed98b61\"><h5 class=\"uagb-heading-text\">Tune in with me!<\/h5><\/div>\n\n\n\n                <div class=\"ml-embedded\" data-form=\"rbcrPL\"><\/div>\n            \n<\/div>\n<\/div>\n\n\n\n<p><\/p>","protected":false},"excerpt":{"rendered":"<p>Incorporar arte e conectar mundos Artista multidisciplinar, Investigadora, Formadora &amp; Terapeuta (&#8230;) &#8220;\u00c9 sobre sentirmo-nos seguros, gratos e livres no corpo em que vivemos&#8220; CHANDI CHANDIARTIST Este projecto \u00e9 a nova casa digital onde Chandi te convida a conhecer o cora\u00e7\u00e3o do seu caminho profissional. Sobre Ana Pracaschandra, de nome art\u00edstico Chandi, \u00e9 uma artista [&hellip;]<\/p>","protected":false},"author":1,"featured_media":0,"parent":0,"menu_order":0,"comment_status":"closed","ping_status":"closed","template":"","meta":{"_uag_custom_page_level_css":"","site-sidebar-layout":"no-sidebar","site-content-layout":"plain-container","ast-site-content-layout":"normal-width-container","site-content-style":"unboxed","site-sidebar-style":"unboxed","ast-global-header-display":"","ast-banner-title-visibility":"","ast-main-header-display":"","ast-hfb-above-header-display":"","ast-hfb-below-header-display":"","ast-hfb-mobile-header-display":"","site-post-title":"disabled","ast-breadcrumbs-content":"","ast-featured-img":"disabled","footer-sml-layout":"","theme-transparent-header-meta":"enabled","adv-header-id-meta":"","stick-header-meta":"","header-above-stick-meta":"","header-main-stick-meta":"","header-below-stick-meta":"","astra-migrate-meta-layouts":"set","ast-page-background-enabled":"default","ast-page-background-meta":{"desktop":{"background-color":"","background-image":"","background-repeat":"repeat","background-position":"center center","background-size":"auto","background-attachment":"scroll","background-type":"","background-media":"","overlay-type":"","overlay-color":"","overlay-opacity":"","overlay-gradient":""},"tablet":{"background-color":"","background-image":"","background-repeat":"repeat","background-position":"center center","background-size":"auto","background-attachment":"scroll","background-type":"","background-media":"","overlay-type":"","overlay-color":"","overlay-opacity":"","overlay-gradient":""},"mobile":{"background-color":"","background-image":"","background-repeat":"repeat","background-position":"center center","background-size":"auto","background-attachment":"scroll","background-type":"","background-media":"","overlay-type":"","overlay-color":"","overlay-opacity":"","overlay-gradient":""}},"ast-content-background-meta":{"desktop":{"background-color":"var(--ast-global-color-5)","background-image":"","background-repeat":"repeat","background-position":"center center","background-size":"auto","background-attachment":"scroll","background-type":"","background-media":"","overlay-type":"","overlay-color":"","overlay-opacity":"","overlay-gradient":""},"tablet":{"background-color":"var(--ast-global-color-5)","background-image":"","background-repeat":"repeat","background-position":"center center","background-size":"auto","background-attachment":"scroll","background-type":"","background-media":"","overlay-type":"","overlay-color":"","overlay-opacity":"","overlay-gradient":""},"mobile":{"background-color":"var(--ast-global-color-5)","background-image":"","background-repeat":"repeat","background-position":"center center","background-size":"auto","background-attachment":"scroll","background-type":"","background-media":"","overlay-type":"","overlay-color":"","overlay-opacity":"","overlay-gradient":""}},"footnotes":""},"class_list":["post-772","page","type-page","status-publish","hentry"],"uagb_featured_image_src":{"full":false,"thumbnail":false,"medium":false,"medium_large":false,"large":false,"1536x1536":false,"2048x2048":false,"trp-custom-language-flag":false},"uagb_author_info":{"display_name":"chandiar","author_link":"https:\/\/chandiartist.com\/en\/author\/chandiar\/"},"uagb_comment_info":0,"uagb_excerpt":"Incorporar arte e conectar mundos Artista multidisciplinar, Investigadora, Formadora &amp; Terapeuta (&#8230;) &#8220;\u00c9 sobre sentirmo-nos seguros, gratos e livres no corpo em que vivemos&#8220; CHANDI CHANDIARTIST Este projecto \u00e9 a nova casa digital onde Chandi te convida a conhecer o cora\u00e7\u00e3o do seu caminho profissional. Sobre Ana Pracaschandra, de nome art\u00edstico Chandi, \u00e9 uma artista&hellip;","_links":{"self":[{"href":"https:\/\/chandiartist.com\/en\/wp-json\/wp\/v2\/pages\/772","targetHints":{"allow":["GET"]}}],"collection":[{"href":"https:\/\/chandiartist.com\/en\/wp-json\/wp\/v2\/pages"}],"about":[{"href":"https:\/\/chandiartist.com\/en\/wp-json\/wp\/v2\/types\/page"}],"author":[{"embeddable":true,"href":"https:\/\/chandiartist.com\/en\/wp-json\/wp\/v2\/users\/1"}],"replies":[{"embeddable":true,"href":"https:\/\/chandiartist.com\/en\/wp-json\/wp\/v2\/comments?post=772"}],"version-history":[{"count":99,"href":"https:\/\/chandiartist.com\/en\/wp-json\/wp\/v2\/pages\/772\/revisions"}],"predecessor-version":[{"id":2337,"href":"https:\/\/chandiartist.com\/en\/wp-json\/wp\/v2\/pages\/772\/revisions\/2337"}],"wp:attachment":[{"href":"https:\/\/chandiartist.com\/en\/wp-json\/wp\/v2\/media?parent=772"}],"curies":[{"name":"wp","href":"https:\/\/api.w.org\/{rel}","templated":true}]}}