{"id":1914,"date":"2024-09-30T16:12:04","date_gmt":"2024-09-30T16:12:04","guid":{"rendered":"https:\/\/chandiartist.com\/?page_id=1914"},"modified":"2024-10-30T16:17:06","modified_gmt":"2024-10-30T16:17:06","slug":"terapias","status":"publish","type":"page","link":"https:\/\/chandiartist.com\/en\/servicos\/terapias\/","title":{"rendered":"Therapies"},"content":{"rendered":"<div class=\"wp-block-uagb-container uagb-block-83a9efd9 alignfull uagb-is-root-container\"><div class=\"uagb-container-inner-blocks-wrap\">\n<div class=\"wp-block-uagb-advanced-heading uagb-block-6a12de0a\"><h2 class=\"uagb-heading-text\"><strong>Therapies<\/strong><\/h2><\/div>\n<\/div><\/div>\n\n\n\n<div class=\"wp-block-uagb-container uagb-block-8dcaa6c2 alignfull uagb-is-root-container\"><div class=\"uagb-container__shape uagb-container__shape-bottom uagb-container__shape-flip uagb-container__invert\" data-negative=\"false\"><svg xmlns=\"https:\/\/www.w3.org\/2000\/svg\" viewbox=\"0 0 1000 100\" preserveaspectratio=\"none\"><path class=\"uagb-container__shape-fill\" d=\"M0,6V0h1000v100L0,6z\"><\/path><\/svg><\/div><div class=\"uagb-container-inner-blocks-wrap\">\n<div class=\"wp-block-uagb-advanced-heading uagb-block-8f7f512d\"><h4 class=\"uagb-heading-text\">What?<\/h4><p class=\"uagb-desc-text\">Therapeutic sessions with an integrative vision of being: reconciling mental, physical, emotional, spiritual and artistic bodies. Creating a loving field to inspire the other person to express themselves exactly as they are, in every moment, is Chandi's goal in every therapeutic session.&nbsp;<br><br>An important characteristic of Chandi's work as a therapist is <em>the merging of<\/em> expressive methodologies with somatic research, in experiences that can awaken the primordial gifts of each person.&nbsp;<br><br>It's no surprise that in a therapeutic context with Chandi, people are invited to sing, paint, scuba dive, ride a horse or learn to skateboard. <br>One of the focuses is the rescue of our mammalian, primordial and affective nature, beyond the known and repeated mental and somatic circuits.&nbsp;<br><\/p><\/div>\n<\/div><\/div>\n\n\n\n<div class=\"wp-block-uagb-container uagb-block-b97bcdcd alignfull uagb-is-root-container\"><div class=\"uagb-container-inner-blocks-wrap\">\n<div class=\"wp-block-uagb-image uagb-block-2316a200 wp-block-uagb-image--layout-default wp-block-uagb-image--effect-static wp-block-uagb-image--align-none\"><figure class=\"wp-block-uagb-image__figure\"><img loading=\"lazy\" decoding=\"async\" srcset=\"https:\/\/chandiartist.com\/wp-content\/uploads\/2024\/10\/terapia-chandi.jpg ,https:\/\/chandiartist.com\/wp-content\/uploads\/2024\/10\/terapia-chandi.jpg 780w, https:\/\/chandiartist.com\/wp-content\/uploads\/2024\/10\/terapia-chandi.jpg 360w\" sizes=\"auto, (max-width: 480px) 150px\" src=\"https:\/\/chandiartist.com\/wp-content\/uploads\/2024\/10\/terapia-chandi.jpg\" alt=\"terapia-chandi\" class=\"uag-image-2053\" width=\"699\" height=\"1024\" title=\"terapia-chandi\" role=\"img\"\/><\/figure><\/div>\n\n\n\n<div class=\"wp-block-uagb-container uagb-block-537e56b9\">\n<div class=\"wp-block-uagb-advanced-heading uagb-block-474ff8d4\"><h5 class=\"uagb-heading-text\">For whom?<\/h5><p class=\"uagb-desc-text\">For those seeking to maintain psychological well-being, relaxation, self-knowledge and personal development through integrative, somatic and creative approaches.&nbsp;<br><\/p><\/div>\n\n\n\n<div class=\"wp-block-uagb-advanced-heading uagb-block-7a5ca105\"><h5 class=\"uagb-heading-text\">Why?<\/h5><p class=\"uagb-desc-text\">At a time in the aftermath of the pandemic when concepts such as belonging, mental health and a sense of security have been called into question globally, the moment is both delicate and favourable for attention. Affection and humanisation are at the heart of this therapeutic work.<br><br><\/p><\/div>\n\n\n\n<div class=\"wp-block-uagb-advanced-heading uagb-block-c7efe09d\"><h5 class=\"uagb-heading-text\">How?<\/h5><p class=\"uagb-desc-text\">Chandi uses various therapeutic mediators to mediate the client, such as:<br><\/p><\/div>\n\n\n\n<details class=\"wp-block-details is-layout-flow wp-block-details-is-layout-flow\"><summary><strong>Access Bars <\/strong><\/summary>\n<p>a therapy developed by Gary Douglas, Access Bars are a gentle treatment using subtle touch at 32 points on the skull. It is practised in more than 100 countries and more than 500,000 people around the world have been trained.<\/p>\n<\/details>\n\n\n\n<details class=\"wp-block-details is-layout-flow wp-block-details-is-layout-flow\"><summary><strong>7 Healings <\/strong><\/summary>\n<p>from the root of the symptom to its solution (developed by Roberta Rocco - combines Quantum Medicine, Microphysiotherapy and New Germanic Medicine)<\/p>\n<\/details>\n\n\n\n<details class=\"wp-block-details is-layout-flow wp-block-details-is-layout-flow\"><summary>expressive and performing arts such as singing, creative writing, dance, theatre, music, painting and others that are relevant to each case<\/summary>\n<p><\/p>\n<\/details>\n\n\n\n<details class=\"wp-block-details is-layout-flow wp-block-details-is-layout-flow\"><summary><strong>Consultancy in conjunction with other complementary and integrative medicine professionals, as well as other experiences that may be relevant to the therapeutic process.<\/strong><\/summary>\n<p><\/p>\n<\/details>\n\n\n\n<details class=\"wp-block-details is-layout-flow wp-block-details-is-layout-flow\"><summary>somatic awareness<\/summary>\n<p><\/p>\n<\/details>\n\n\n\n<details class=\"wp-block-details is-layout-flow wp-block-details-is-layout-flow\"><summary>therapeutic sound<\/summary>\n<p><\/p>\n<\/details>\n\n\n\n<details class=\"wp-block-details is-layout-flow wp-block-details-is-layout-flow\"><summary>therapeutic touch<\/summary>\n<p><\/p>\n<\/details>\n\n\n\n<details class=\"wp-block-details is-layout-flow wp-block-details-is-layout-flow\"><summary>immersions \/ living in nature<\/summary>\n<p><\/p>\n<\/details>\n<\/div>\n<\/div><\/div>\n\n\n\n<div class=\"wp-block-uagb-container uagb-block-f8b35fd9 alignfull uagb-is-root-container\"><div class=\"uagb-container-inner-blocks-wrap\">\n<div class=\"wp-block-uagb-advanced-heading uagb-block-00c1447f\"><h5 class=\"uagb-heading-text\"><strong>What for?<\/strong><\/h5><\/div>\n\n\n\n<div class=\"wp-block-uagb-container uagb-block-56c90e1c\">\n<ul style=\"padding-right:var(--wp--preset--spacing--40);padding-left:var(--wp--preset--spacing--40)\" class=\"wp-block-list\">\n<li>To promote well-being and relaxation<\/li>\n\n\n\n<li>To provide fertile ground for self-knowledge<\/li>\n\n\n\n<li>Boosting self-confidence and a sense of security within one's own body<\/li>\n\n\n\n<li>Accessing innate gifts and resources more easily<\/li>\n\n\n\n<li>Stimulate creativity and plasticity of thought<\/li>\n\n\n\n<li>Strengthen emotional self-regulation&nbsp;<\/li>\n\n\n\n<li>Provide a space for sharing and listening to oneself<\/li>\n\n\n\n<li>Encourage the creation of healthy lifestyle habits (alignment between thought, feeling and action)<\/li>\n<\/ul>\n<\/div>\n<\/div><\/div>\n\n\n\n<div class=\"wp-block-uagb-container uagb-block-dc9c8b98 alignfull uagb-is-root-container\"><div class=\"uagb-container-inner-blocks-wrap\">\n<div class=\"wp-block-uagb-container uagb-block-521fc38b\">\n<div class=\"wp-block-uagb-container uagb-block-ac1a61c1 alignfull uagb-is-root-container\">\n<div class=\"wp-block-uagb-container uagb-block-4610552f\">\n<hr class=\"wp-block-separator has-text-color has-ast-global-color-1-color has-alpha-channel-opacity has-ast-global-color-1-background-color has-background is-style-default\"\/>\n<\/div>\n<\/div>\n<\/div>\n<\/div><\/div>\n\n\n\n<div class=\"wp-block-uagb-container uagb-block-5efab0d8 alignfull uagb-is-root-container\"><div class=\"uagb-container-inner-blocks-wrap\">\n<div class=\"wp-block-uagb-advanced-heading uagb-block-c5c085d0\"><h4 class=\"uagb-heading-text\">+Info<\/h4><p class=\"uagb-desc-text\">Online and\/or face-to-face<br>Between 60 and 90 minutes long<br>Rate: \u20ac60 per session<\/p><\/div>\n\n\n\n<div class=\"wp-block-uagb-buttons uagb-buttons__outer-wrap uagb-btn__default-btn uagb-btn-tablet__default-btn uagb-btn-mobile__default-btn uagb-block-3d4e5874\"><div class=\"uagb-buttons__wrap uagb-buttons-layout-wrap\">\n<div class=\"wp-block-uagb-buttons-child uagb-buttons__outer-wrap uagb-block-94c5a950 wp-block-button\"><div class=\"uagb-button__wrapper\"><a class=\"uagb-buttons-repeater wp-block-button__link\" aria-label=\"\" href=\"https:\/\/calendly.com\/chandiartist\" rel=\"follow noopener\" target=\"_self\" role=\"button\"><div class=\"uagb-button__link\">Book a session<\/div><\/a><\/div><\/div>\n<\/div><\/div>\n<\/div><\/div>\n\n\n\n<div class=\"wp-block-uagb-container uagb-block-e450df1d alignfull uagb-is-root-container\"><div class=\"uagb-container__shape uagb-container__shape-top uagb-container__shape-flip\"><svg xmlns=\"https:\/\/www.w3.org\/2000\/svg\" viewbox=\"0 0 1000 100\" preserveaspectratio=\"none\"><path class=\"uagb-container__shape-fill\" d=\"M0,6V0h1000v100L0,6z\"><\/path><\/svg><\/div><div class=\"uagb-container__shape uagb-container__shape-bottom uagb-container__shape-flip uagb-container__invert\" data-negative=\"false\"><svg xmlns=\"https:\/\/www.w3.org\/2000\/svg\" viewbox=\"0 0 1000 100\" preserveaspectratio=\"none\"><path class=\"uagb-container__shape-fill\" d=\"M0,6V0h1000v100L0,6z\"><\/path><\/svg><\/div>\n<div class=\"wp-block-uagb-advanced-heading uagb-block-e4d339d4\"><h4 class=\"uagb-heading-text\">Testimonials<\/h4><\/div>\n<\/div>\n\n\n\n<div class=\"wp-block-uagb-container uagb-block-bd11ced0 alignfull uagb-is-root-container\"><div class=\"uagb-container-inner-blocks-wrap\">      \n\t\t\t<div class=\"uagb-icon-wrapper uagb-block-3f5343c6\"\n\t\t\tstyle=\"\" >\n\t\t\t\t\t\t\t\t\t<span class=\"uagb-svg-wrapper\" \n\t\t\t\t\t aria-label=\"quote-left\"\t\t\t\t\ttabindex=\"0\">\t\t\n\t\t\t\t\t\t\t\t\t\t<svg xmlns=\"https:\/\/www.w3.org\/2000\/svg\" viewbox= \"0 0 448 512\" role=\"graphics-symbol\" aria-hidden=\"false\" aria-label=\"\"><path d=\"M96 224C84.72 224 74.05 226.3 64 229.9V224c0-35.3 28.7-64 64-64c17.67 0 32-14.33 32-32S145.7 96 128 96C57.42 96 0 153.4 0 224v96c0 53.02 42.98 96 96 96s96-42.98 96-96S149 224 96 224zM352 224c-11.28 0-21.95 2.305-32 5.879V224c0-35.3 28.7-64 64-64c17.67 0 32-14.33 32-32s-14.33-32-32-32c-70.58 0-128 57.42-128 128v96c0 53.02 42.98 96 96 96s96-42.98 96-96S405 224 352 224z\"><\/path><\/svg>\n\t\t\t\t\t\t\t\t\t<\/span>\n\t\t\t\t\t\t\t<\/div>\n\t\t\t\n\n\n<div class=\"wp-block-uagb-testimonial uagb-slick-carousel uagb-tm__arrow-outside uagb-block-0796f483\"><div class=\"is-carousel uagb-tm__columns-1 uagb-tm__items\"><div class=\"uagb-testimonial__wrap  uagb-tm__imgicon-style-circle uagb-tm__image-position-bottom uagb-tm__bg-type-none\"><div class=\"uagb-tm__content\"><div class=\"uagb-tm__overlay\"><\/div><div class=\"uagb-tm__text-wrap\"><div class=\"uagb-tm__desc\">\"A moment of oracle with Chandi is the certainty of a support full of humanism as a profound and transformative experience, where ancestral wisdom meets a compassionate and welcoming gaze.<br><br>The session unfolded in a careful and empathetic way, like an intimate conversation with the universe. A safe and respectful space, offering clarity, insights and an expanded vision.\"<br><\/div><div class=\"uagb-tm__meta-inner\"><div class=\"uagb-testimonial-details\"><span class=\"uagb-tm__author-name\"><strong>Mara<\/strong><\/span><span class=\"uagb-tm__company\">Portugal<\/span><\/div><\/div><\/div><\/div><\/div><div class=\"uagb-testimonial__wrap  uagb-tm__imgicon-style-circle uagb-tm__image-position-bottom uagb-tm__bg-type-none\"><div class=\"uagb-tm__content\"><div class=\"uagb-tm__overlay\"><\/div><div class=\"uagb-tm__text-wrap\"><div class=\"uagb-tm__desc\">\"My Access Bars session with Chandi was truly transformative.\u00a0<br>I remember that at the time, I was going through a phase of certain negativity and rumination with repetitive thoughts during a vital step rite.\u00a0<br>During the session I was able to access a feeling of more balance, clarity and calm.\u00a0<br><br>Her natural talent for nurturing others, making you feel heard, seen and validated shines throughout the session.\u00a0<br>I still have the sensory memory of her conscious and loving touch.\"<br><\/div><div class=\"uagb-tm__meta-inner\"><div class=\"uagb-testimonial-details\"><span class=\"uagb-tm__author-name\">Neuza<\/span><span class=\"uagb-tm__company\">Norway<\/span><\/div><\/div><\/div><\/div><\/div><\/div><\/div>\n<\/div><\/div>\n\n\n\n<div class=\"wp-block-uagb-container uagb-block-8abc17f9 alignfull uagb-is-root-container\"><div class=\"uagb-container__shape uagb-container__shape-top uagb-container__shape-flip\"><svg xmlns=\"https:\/\/www.w3.org\/2000\/svg\" viewbox=\"0 0 1000 100\" preserveaspectratio=\"none\"><path class=\"uagb-container__shape-fill\" d=\"M0,6V0h1000v100L0,6z\"><\/path><\/svg><\/div><div class=\"uagb-container__shape uagb-container__shape-bottom uagb-container__shape-flip uagb-container__invert\" data-negative=\"false\"><svg xmlns=\"https:\/\/www.w3.org\/2000\/svg\" viewbox=\"0 0 1000 100\" preserveaspectratio=\"none\"><path class=\"uagb-container__shape-fill\" d=\"M0,6V0h1000v100L0,6z\"><\/path><\/svg><\/div><div class=\"uagb-container-inner-blocks-wrap\">\n<div style=\"height:100px\" aria-hidden=\"true\" class=\"wp-block-spacer\"><\/div>\n\n\n\n<div class=\"wp-block-uagb-call-to-action uagb-block-b64bf76b wp-block-button\"><div class=\"uagb-cta__wrap\"><h3 class=\"uagb-cta__title\">Questions?<\/h3><p class=\"uagb-cta__desc\">Please get in touch to clarify.<br><\/p><\/div><div class=\"uagb-cta__buttons\"><a href=\"https:\/\/chandiartist.com\/en\/contactos\/\" class=\"uagb-cta__button-link-wrapper wp-block-button__link\" target=\"_self\" rel=\"noopener noreferrer\">Get in touch<\/a><\/div><\/div>\n\n\n\n<div style=\"height:60px\" aria-hidden=\"true\" class=\"wp-block-spacer\"><\/div>\n<\/div><\/div>","protected":false},"excerpt":{"rendered":"<p>Terapias O qu\u00ea? Sess\u00f5es terap\u00eauticas com uma vis\u00e3o integrativa do ser: reconciliando corpos mental, f\u00edsico, emocional, espiritual e art\u00edstico. Criar campo amoroso para inspirar o outro a expressar-se exatamente como \u00e9, em cada momento, \u00e9 o objetivo de Chandi, em cada sess\u00e3o terap\u00eautica.&nbsp; Uma importante caracter\u00edstica do trabalho de Chandi enquanto terapeuta \u00e9 o merging [&hellip;]<\/p>","protected":false},"author":1,"featured_media":0,"parent":776,"menu_order":0,"comment_status":"closed","ping_status":"closed","template":"","meta":{"_uag_custom_page_level_css":"","site-sidebar-layout":"no-sidebar","site-content-layout":"plain-container","ast-site-content-layout":"normal-width-container","site-content-style":"unboxed","site-sidebar-style":"unboxed","ast-global-header-display":"","ast-banner-title-visibility":"","ast-main-header-display":"","ast-hfb-above-header-display":"","ast-hfb-below-header-display":"","ast-hfb-mobile-header-display":"","site-post-title":"disabled","ast-breadcrumbs-content":"","ast-featured-img":"disabled","footer-sml-layout":"","theme-transparent-header-meta":"enabled","adv-header-id-meta":"","stick-header-meta":"","header-above-stick-meta":"","header-main-stick-meta":"","header-below-stick-meta":"","astra-migrate-meta-layouts":"set","ast-page-background-enabled":"default","ast-page-background-meta":{"desktop":{"background-color":"","background-image":"","background-repeat":"repeat","background-position":"center center","background-size":"auto","background-attachment":"scroll","background-type":"","background-media":"","overlay-type":"","overlay-color":"","overlay-opacity":"","overlay-gradient":""},"tablet":{"background-color":"","background-image":"","background-repeat":"repeat","background-position":"center center","background-size":"auto","background-attachment":"scroll","background-type":"","background-media":"","overlay-type":"","overlay-color":"","overlay-opacity":"","overlay-gradient":""},"mobile":{"background-color":"","background-image":"","background-repeat":"repeat","background-position":"center center","background-size":"auto","background-attachment":"scroll","background-type":"","background-media":"","overlay-type":"","overlay-color":"","overlay-opacity":"","overlay-gradient":""}},"ast-content-background-meta":{"desktop":{"background-color":"var(--ast-global-color-5)","background-image":"","background-repeat":"repeat","background-position":"center center","background-size":"auto","background-attachment":"scroll","background-type":"","background-media":"","overlay-type":"","overlay-color":"","overlay-opacity":"","overlay-gradient":""},"tablet":{"background-color":"var(--ast-global-color-5)","background-image":"","background-repeat":"repeat","background-position":"center center","background-size":"auto","background-attachment":"scroll","background-type":"","background-media":"","overlay-type":"","overlay-color":"","overlay-opacity":"","overlay-gradient":""},"mobile":{"background-color":"var(--ast-global-color-5)","background-image":"","background-repeat":"repeat","background-position":"center center","background-size":"auto","background-attachment":"scroll","background-type":"","background-media":"","overlay-type":"","overlay-color":"","overlay-opacity":"","overlay-gradient":""}},"footnotes":""},"class_list":["post-1914","page","type-page","status-publish","hentry"],"uagb_featured_image_src":{"full":false,"thumbnail":false,"medium":false,"medium_large":false,"large":false,"1536x1536":false,"2048x2048":false,"trp-custom-language-flag":false},"uagb_author_info":{"display_name":"chandiar","author_link":"https:\/\/chandiartist.com\/en\/author\/chandiar\/"},"uagb_comment_info":0,"uagb_excerpt":"Terapias O qu\u00ea? Sess\u00f5es terap\u00eauticas com uma vis\u00e3o integrativa do ser: reconciliando corpos mental, f\u00edsico, emocional, espiritual e art\u00edstico. Criar campo amoroso para inspirar o outro a expressar-se exatamente como \u00e9, em cada momento, \u00e9 o objetivo de Chandi, em cada sess\u00e3o terap\u00eautica.&nbsp; Uma importante caracter\u00edstica do trabalho de Chandi enquanto terapeuta \u00e9 o merging&hellip;","_links":{"self":[{"href":"https:\/\/chandiartist.com\/en\/wp-json\/wp\/v2\/pages\/1914","targetHints":{"allow":["GET"]}}],"collection":[{"href":"https:\/\/chandiartist.com\/en\/wp-json\/wp\/v2\/pages"}],"about":[{"href":"https:\/\/chandiartist.com\/en\/wp-json\/wp\/v2\/types\/page"}],"author":[{"embeddable":true,"href":"https:\/\/chandiartist.com\/en\/wp-json\/wp\/v2\/users\/1"}],"replies":[{"embeddable":true,"href":"https:\/\/chandiartist.com\/en\/wp-json\/wp\/v2\/comments?post=1914"}],"version-history":[{"count":36,"href":"https:\/\/chandiartist.com\/en\/wp-json\/wp\/v2\/pages\/1914\/revisions"}],"predecessor-version":[{"id":2237,"href":"https:\/\/chandiartist.com\/en\/wp-json\/wp\/v2\/pages\/1914\/revisions\/2237"}],"up":[{"embeddable":true,"href":"https:\/\/chandiartist.com\/en\/wp-json\/wp\/v2\/pages\/776"}],"wp:attachment":[{"href":"https:\/\/chandiartist.com\/en\/wp-json\/wp\/v2\/media?parent=1914"}],"curies":[{"name":"wp","href":"https:\/\/api.w.org\/{rel}","templated":true}]}}