{"id":1911,"date":"2024-09-30T16:02:24","date_gmt":"2024-09-30T16:02:24","guid":{"rendered":"https:\/\/chandiartist.com\/?page_id=1911"},"modified":"2024-10-28T18:15:28","modified_gmt":"2024-10-28T18:15:28","slug":"coaching-vocal","status":"publish","type":"page","link":"https:\/\/chandiartist.com\/en\/servicos\/coaching-vocal\/","title":{"rendered":"Vocal coaching"},"content":{"rendered":"<div class=\"wp-block-uagb-container uagb-block-83a9efd9 alignfull uagb-is-root-container\"><div class=\"uagb-container-inner-blocks-wrap\">\n<div class=\"wp-block-uagb-advanced-heading uagb-block-6a12de0a\"><h2 class=\"uagb-heading-text\"><strong>Vocal coaching <\/strong><\/h2><\/div>\n<\/div><\/div>\n\n\n\n<div class=\"wp-block-uagb-container uagb-block-b97bcdcd alignfull uagb-is-root-container\"><div class=\"uagb-container-inner-blocks-wrap\">\n<div class=\"wp-block-uagb-image uagb-block-2316a200 wp-block-uagb-image--layout-default wp-block-uagb-image--effect-static wp-block-uagb-image--align-none\"><figure class=\"wp-block-uagb-image__figure\"><img loading=\"lazy\" decoding=\"async\" srcset=\"https:\/\/chandiartist.com\/wp-content\/uploads\/2024\/10\/coaching-vocal-3.jpg ,https:\/\/chandiartist.com\/wp-content\/uploads\/2024\/10\/coaching-vocal-3.jpg 780w, https:\/\/chandiartist.com\/wp-content\/uploads\/2024\/10\/coaching-vocal-3.jpg 360w\" sizes=\"auto, (max-width: 480px) 150px\" src=\"https:\/\/chandiartist.com\/wp-content\/uploads\/2024\/10\/coaching-vocal-3.jpg\" alt=\"coaching-vocal\" class=\"uag-image-2045\" width=\"666\" height=\"1031\" title=\"coaching-vocal\" role=\"img\"\/><\/figure><\/div>\n\n\n\n<div class=\"wp-block-uagb-container uagb-block-537e56b9\">\n<div class=\"wp-block-uagb-advanced-heading uagb-block-8f7f512d\"><h4 class=\"uagb-heading-text\">What?<\/h4><p class=\"uagb-desc-text\">Vocal coaching with Chandi is an opportunity to explore and connect with your own voice: your speaking, singing, dancing and even painting voice. How far do you want to go with your voice? Always remember: your voice is in your body.<\/p><\/div>\n\n\n\n<div class=\"wp-block-uagb-advanced-heading uagb-block-474ff8d4\"><h5 class=\"uagb-heading-text\">For whom?<\/h5><p class=\"uagb-desc-text\">Anyone interested in a deep process of self-knowledge through the voice. Anyone who wants to gain confidence in their voice and the way they communicate. Anyone who wants to learn to listen to and fall in love with their own voice.&nbsp;<br><\/p><\/div>\n\n\n\n<div class=\"wp-block-uagb-advanced-heading uagb-block-c7efe09d\"><h5 class=\"uagb-heading-text\">How?<\/h5><p class=\"uagb-desc-text\">By appointment, face-to-face or online sessions. <\/p><\/div>\n\n\n\n<div class=\"wp-block-uagb-advanced-heading uagb-block-8be7c9ec\"><h5 class=\"uagb-heading-text\">What for?<\/h5><\/div>\n\n\n\n<ul class=\"wp-block-list\">\n<li>Unlocking creativity<\/li>\n\n\n\n<li>Reframing your relationship with your voice<\/li>\n\n\n\n<li>Developing self-confidence&nbsp;<\/li>\n\n\n\n<li>Promote joy and satisfaction<\/li>\n<\/ul>\n\n\n\n<div class=\"wp-block-uagb-advanced-heading uagb-block-7a5ca105\"><h5 class=\"uagb-heading-text\">Why?<\/h5><p class=\"uagb-desc-text\"> Our voice is like our fingerprint: unique in the universe. There is no voice like yours, just as there is no story like yours. These sessions aim to raise awareness of the importance of our voice in a more confident and fulfilled life.<br><br><\/p><\/div>\n<\/div>\n<\/div><\/div>\n\n\n\n<div class=\"wp-block-uagb-container uagb-block-5efab0d8 alignfull uagb-is-root-container\"><div class=\"uagb-container-inner-blocks-wrap\">\n<div class=\"wp-block-uagb-advanced-heading uagb-block-c5c085d0\"><h4 class=\"uagb-heading-text\">+Info<\/h4><p class=\"uagb-desc-text\">60-minutes sessions.<br>Rate: \u20ac40 per session<\/p><\/div>\n\n\n\n<div class=\"wp-block-uagb-buttons uagb-buttons__outer-wrap uagb-btn__default-btn uagb-btn-tablet__default-btn uagb-btn-mobile__default-btn uagb-block-3d4e5874\"><div class=\"uagb-buttons__wrap uagb-buttons-layout-wrap\">\n<div class=\"wp-block-uagb-buttons-child uagb-buttons__outer-wrap uagb-block-94c5a950 wp-block-button\"><div class=\"uagb-button__wrapper\"><a class=\"uagb-buttons-repeater wp-block-button__link\" aria-label=\"\" href=\"https:\/\/calendly.com\/chandiartist\" rel=\"follow noopener\" target=\"_blank\" role=\"button\"><div class=\"uagb-button__link\">Book a session<\/div><\/a><\/div><\/div>\n<\/div><\/div>\n<\/div><\/div>\n\n\n\n<div class=\"wp-block-uagb-container uagb-block-e450df1d alignfull uagb-is-root-container\"><div class=\"uagb-container__shape uagb-container__shape-top uagb-container__shape-flip\"><svg xmlns=\"https:\/\/www.w3.org\/2000\/svg\" viewbox=\"0 0 1000 100\" preserveaspectratio=\"none\"><path class=\"uagb-container__shape-fill\" d=\"M0,6V0h1000v100L0,6z\"><\/path><\/svg><\/div><div class=\"uagb-container__shape uagb-container__shape-bottom uagb-container__shape-flip uagb-container__invert\" data-negative=\"false\"><svg xmlns=\"https:\/\/www.w3.org\/2000\/svg\" viewbox=\"0 0 1000 100\" preserveaspectratio=\"none\"><path class=\"uagb-container__shape-fill\" d=\"M0,6V0h1000v100L0,6z\"><\/path><\/svg><\/div>\n<div class=\"wp-block-uagb-advanced-heading uagb-block-e4d339d4\"><h4 class=\"uagb-heading-text\">Testimonials<\/h4><\/div>\n<\/div>\n\n\n\n<div class=\"wp-block-uagb-container uagb-block-8abc17f9 alignfull uagb-is-root-container\"><div class=\"uagb-container__shape uagb-container__shape-top uagb-container__shape-flip\"><svg xmlns=\"https:\/\/www.w3.org\/2000\/svg\" viewbox=\"0 0 1000 100\" preserveaspectratio=\"none\"><path class=\"uagb-container__shape-fill\" d=\"M0,6V0h1000v100L0,6z\"><\/path><\/svg><\/div><div class=\"uagb-container__shape uagb-container__shape-bottom uagb-container__shape-flip uagb-container__invert\" data-negative=\"false\"><svg xmlns=\"https:\/\/www.w3.org\/2000\/svg\" viewbox=\"0 0 1000 100\" preserveaspectratio=\"none\"><path class=\"uagb-container__shape-fill\" d=\"M0,6V0h1000v100L0,6z\"><\/path><\/svg><\/div><div class=\"uagb-container-inner-blocks-wrap\">      \n\t\t\t<div class=\"uagb-icon-wrapper uagb-block-18d19dfc\"\n\t\t\tstyle=\"\" >\n\t\t\t\t\t\t\t\t\t<span class=\"uagb-svg-wrapper\" \n\t\t\t\t\t aria-label=\"quote-left\"\t\t\t\t\ttabindex=\"0\">\t\t\n\t\t\t\t\t\t\t\t\t\t<svg xmlns=\"https:\/\/www.w3.org\/2000\/svg\" viewbox= \"0 0 448 512\" role=\"graphics-symbol\" aria-hidden=\"false\" aria-label=\"\"><path d=\"M96 224C84.72 224 74.05 226.3 64 229.9V224c0-35.3 28.7-64 64-64c17.67 0 32-14.33 32-32S145.7 96 128 96C57.42 96 0 153.4 0 224v96c0 53.02 42.98 96 96 96s96-42.98 96-96S149 224 96 224zM352 224c-11.28 0-21.95 2.305-32 5.879V224c0-35.3 28.7-64 64-64c17.67 0 32-14.33 32-32s-14.33-32-32-32c-70.58 0-128 57.42-128 128v96c0 53.02 42.98 96 96 96s96-42.98 96-96S405 224 352 224z\"><\/path><\/svg>\n\t\t\t\t\t\t\t\t\t<\/span>\n\t\t\t\t\t\t\t<\/div>\n\t\t\t\n\n\n<div class=\"wp-block-uagb-testimonial uagb-slick-carousel uagb-tm__arrow-outside uagb-block-f97d0a99 uagb-post__carousel_notset uagb-post__carousel_notset-tablet uagb-post__carousel_notset-mobile\"><div class=\"is-carousel uagb-tm__columns-1 uagb-tm__items\"><div class=\"uagb-testimonial__wrap  uagb-tm__imgicon-style-circle uagb-tm__image-position-bottom uagb-tm__bg-type-none\"><div class=\"uagb-tm__content\"><div class=\"uagb-tm__overlay\"><\/div><div class=\"uagb-tm__text-wrap\"><div class=\"uagb-tm__desc\">\u201cWorking with Chandi has been an incredible journey. She has a unique and creative approach that makes opening your voice a truly joyful experience. Her warmth and professionalism immediately make you feel comfortable, and she has a natural ability to help you find and embrace your true voice. I felt like my inner child was invited to come out and play, and through her guidance, I gained confidence and freedom in my expression.\u00a0<br><br>She is truly gifted, and her passion for helping others shine through their voices is remarkable.\u201d<br><\/div><div class=\"uagb-tm__meta-inner\"><div class=\"uagb-testimonial-details\"><span class=\"uagb-tm__author-name\">Miguel Riera<\/span><span class=\"uagb-tm__company\">Spain<\/span><\/div><\/div><\/div><\/div><\/div><\/div><\/div>\n\n\n\n<div style=\"height:100px\" aria-hidden=\"true\" class=\"wp-block-spacer\"><\/div>\n\n\n\n<div class=\"wp-block-uagb-call-to-action uagb-block-b64bf76b wp-block-button\"><div class=\"uagb-cta__wrap\"><h3 class=\"uagb-cta__title\">Questions?<\/h3><p class=\"uagb-cta__desc\">Please get in touch to clarify.<br><\/p><\/div><div class=\"uagb-cta__buttons\"><a href=\"https:\/\/chandiartist.com\/en\/contactos\/\" class=\"uagb-cta__button-link-wrapper wp-block-button__link\" target=\"_self\" rel=\"noopener noreferrer\">Get in touch<\/a><\/div><\/div>\n\n\n\n<div style=\"height:60px\" aria-hidden=\"true\" class=\"wp-block-spacer\"><\/div>\n<\/div><\/div>","protected":false},"excerpt":{"rendered":"<p>Coaching vocal O qu\u00ea? O coaching vocal com Chandi \u00e9 uma oportunidade de explora\u00e7\u00e3o e conex\u00e3o com a tua pr\u00f3pria voz: a tua voz falada, cantada, dan\u00e7ada e at\u00e9 pintada. At\u00e9 onde queres ir com a tua voz? Sempre relembrando: a tua voz est\u00e1 no teu corpo. Para quem? Todos os interessados num processo profundo [&hellip;]<\/p>","protected":false},"author":1,"featured_media":0,"parent":776,"menu_order":0,"comment_status":"closed","ping_status":"closed","template":"","meta":{"_uag_custom_page_level_css":"","site-sidebar-layout":"no-sidebar","site-content-layout":"plain-container","ast-site-content-layout":"normal-width-container","site-content-style":"unboxed","site-sidebar-style":"unboxed","ast-global-header-display":"","ast-banner-title-visibility":"","ast-main-header-display":"","ast-hfb-above-header-display":"","ast-hfb-below-header-display":"","ast-hfb-mobile-header-display":"","site-post-title":"disabled","ast-breadcrumbs-content":"","ast-featured-img":"disabled","footer-sml-layout":"","theme-transparent-header-meta":"enabled","adv-header-id-meta":"","stick-header-meta":"","header-above-stick-meta":"","header-main-stick-meta":"","header-below-stick-meta":"","astra-migrate-meta-layouts":"set","ast-page-background-enabled":"default","ast-page-background-meta":{"desktop":{"background-color":"","background-image":"","background-repeat":"repeat","background-position":"center center","background-size":"auto","background-attachment":"scroll","background-type":"","background-media":"","overlay-type":"","overlay-color":"","overlay-opacity":"","overlay-gradient":""},"tablet":{"background-color":"","background-image":"","background-repeat":"repeat","background-position":"center center","background-size":"auto","background-attachment":"scroll","background-type":"","background-media":"","overlay-type":"","overlay-color":"","overlay-opacity":"","overlay-gradient":""},"mobile":{"background-color":"","background-image":"","background-repeat":"repeat","background-position":"center center","background-size":"auto","background-attachment":"scroll","background-type":"","background-media":"","overlay-type":"","overlay-color":"","overlay-opacity":"","overlay-gradient":""}},"ast-content-background-meta":{"desktop":{"background-color":"var(--ast-global-color-5)","background-image":"","background-repeat":"repeat","background-position":"center center","background-size":"auto","background-attachment":"scroll","background-type":"","background-media":"","overlay-type":"","overlay-color":"","overlay-opacity":"","overlay-gradient":""},"tablet":{"background-color":"var(--ast-global-color-5)","background-image":"","background-repeat":"repeat","background-position":"center center","background-size":"auto","background-attachment":"scroll","background-type":"","background-media":"","overlay-type":"","overlay-color":"","overlay-opacity":"","overlay-gradient":""},"mobile":{"background-color":"var(--ast-global-color-5)","background-image":"","background-repeat":"repeat","background-position":"center center","background-size":"auto","background-attachment":"scroll","background-type":"","background-media":"","overlay-type":"","overlay-color":"","overlay-opacity":"","overlay-gradient":""}},"footnotes":""},"class_list":["post-1911","page","type-page","status-publish","hentry"],"uagb_featured_image_src":{"full":false,"thumbnail":false,"medium":false,"medium_large":false,"large":false,"1536x1536":false,"2048x2048":false,"trp-custom-language-flag":false},"uagb_author_info":{"display_name":"chandiar","author_link":"https:\/\/chandiartist.com\/en\/author\/chandiar\/"},"uagb_comment_info":0,"uagb_excerpt":"Coaching vocal O qu\u00ea? O coaching vocal com Chandi \u00e9 uma oportunidade de explora\u00e7\u00e3o e conex\u00e3o com a tua pr\u00f3pria voz: a tua voz falada, cantada, dan\u00e7ada e at\u00e9 pintada. At\u00e9 onde queres ir com a tua voz? Sempre relembrando: a tua voz est\u00e1 no teu corpo. Para quem? Todos os interessados num processo profundo&hellip;","_links":{"self":[{"href":"https:\/\/chandiartist.com\/en\/wp-json\/wp\/v2\/pages\/1911","targetHints":{"allow":["GET"]}}],"collection":[{"href":"https:\/\/chandiartist.com\/en\/wp-json\/wp\/v2\/pages"}],"about":[{"href":"https:\/\/chandiartist.com\/en\/wp-json\/wp\/v2\/types\/page"}],"author":[{"embeddable":true,"href":"https:\/\/chandiartist.com\/en\/wp-json\/wp\/v2\/users\/1"}],"replies":[{"embeddable":true,"href":"https:\/\/chandiartist.com\/en\/wp-json\/wp\/v2\/comments?post=1911"}],"version-history":[{"count":13,"href":"https:\/\/chandiartist.com\/en\/wp-json\/wp\/v2\/pages\/1911\/revisions"}],"predecessor-version":[{"id":2193,"href":"https:\/\/chandiartist.com\/en\/wp-json\/wp\/v2\/pages\/1911\/revisions\/2193"}],"up":[{"embeddable":true,"href":"https:\/\/chandiartist.com\/en\/wp-json\/wp\/v2\/pages\/776"}],"wp:attachment":[{"href":"https:\/\/chandiartist.com\/en\/wp-json\/wp\/v2\/media?parent=1911"}],"curies":[{"name":"wp","href":"https:\/\/api.w.org\/{rel}","templated":true}]}}