{"id":1892,"date":"2024-09-30T15:06:13","date_gmt":"2024-09-30T15:06:13","guid":{"rendered":"https:\/\/chandiartist.com\/?page_id=1892"},"modified":"2024-10-28T17:47:08","modified_gmt":"2024-10-28T17:47:08","slug":"laboratorios-criativos","status":"publish","type":"page","link":"https:\/\/chandiartist.com\/en\/servicos\/laboratorios-criativos\/","title":{"rendered":"Creative Labs"},"content":{"rendered":"<div class=\"wp-block-uagb-container uagb-block-83a9efd9 alignfull uagb-is-root-container\"><div class=\"uagb-container-inner-blocks-wrap\">\n<div class=\"wp-block-uagb-advanced-heading uagb-block-6a12de0a\"><h2 class=\"uagb-heading-text\"><strong>Artistic and somatic <\/strong><br><strong>research labs<\/strong><\/h2><\/div>\n<\/div><\/div>\n\n\n\n<div class=\"wp-block-uagb-container uagb-block-b97bcdcd alignfull uagb-is-root-container\"><div class=\"uagb-container-inner-blocks-wrap\">\n<div class=\"wp-block-uagb-image uagb-block-2316a200 wp-block-uagb-image--layout-default wp-block-uagb-image--effect-static wp-block-uagb-image--align-none\"><figure class=\"wp-block-uagb-image__figure\"><img loading=\"lazy\" decoding=\"async\" srcset=\"https:\/\/chandiartist.com\/wp-content\/uploads\/2024\/10\/lab-criativos-683x1024.jpg ,https:\/\/chandiartist.com\/wp-content\/uploads\/2024\/10\/lab-criativos-scaled.jpg 780w, https:\/\/chandiartist.com\/wp-content\/uploads\/2024\/10\/lab-criativos-scaled.jpg 360w\" sizes=\"auto, (max-width: 480px) 150px\" src=\"https:\/\/chandiartist.com\/wp-content\/uploads\/2024\/10\/lab-criativos-683x1024.jpg\" alt=\"lab criativos\" class=\"uag-image-2025\" width=\"683\" height=\"1024\" title=\"lab criativos\" role=\"img\"\/><\/figure><\/div>\n\n\n\n<div class=\"wp-block-uagb-container uagb-block-537e56b9\">\n<div class=\"wp-block-uagb-advanced-heading uagb-block-8f7f512d\"><h4 class=\"uagb-heading-text\">What?<\/h4><p class=\"uagb-desc-text\">Giving voice to the body and the body to the voice. Regular artistic research sessions based on the body itself. An immersive self-listening laboratory aimed at remembering and developing useful internal resources that promote plasticity of thought, creativity, body awareness, well-being, relaxation and confidence.<br><\/p><\/div>\n\n\n\n<div class=\"wp-block-uagb-advanced-heading uagb-block-474ff8d4\"><h5 class=\"uagb-heading-text\">For whom?<\/h5><p class=\"uagb-desc-text\">Anyone interested in regular immersive work to connect with their creative body.&nbsp;<br><\/p><\/div>\n\n\n\n<div class=\"wp-block-uagb-advanced-heading uagb-block-c7efe09d\"><h5 class=\"uagb-heading-text\">How?<\/h5><p class=\"uagb-desc-text\">Specific themes are proposed and worked on through the following mediators:<br><\/p><\/div>\n\n\n\n<ul style=\"padding-right:0px;padding-left:0px\" class=\"wp-block-list uag-hide-tab\">\n<li>Conscious singing<\/li>\n\n\n\n<li>Breathing techniques<\/li>\n\n\n\n<li class=\"uag-hide-tab\">Theatre games<\/li>\n\n\n\n<li>Alphabet of the Body<\/li>\n\n\n\n<li>Free movement<\/li>\n\n\n\n<li>Creative writing<\/li>\n\n\n\n<li>Theatre (Meisner, Oppressed, Improvisation, Clown)<\/li>\n\n\n\n<li>Storytelling<\/li>\n\n\n\n<li>Plastic arts<\/li>\n\n\n\n<li>Meditation<\/li>\n\n\n\n<li>Yoga of Sound<\/li>\n\n\n\n<li>Yoga of Laughter<\/li>\n\n\n\n<li>Music production<\/li>\n\n\n\n<li>Connection with nature<\/li>\n<\/ul>\n\n\n\n<p class=\"uag-hide-desktop uag-hide-mob\">Canto consciente \u2022 T\u00e9cnicas de respira\u00e7\u00e3o \u2022 Jogos teatrais \u2022 Alfabeto do Corpo \u2022 Movimento livre \u2022 Escrita criativa \u2022 Teatro (Meisner, Oprimido, Improviso, Clown) \u2022 Storytelling \u2022 Artes pl\u00e1sticas \u2022 Medita\u00e7\u00e3o \u2022 Yoga do Som \u2022 Yoga do Riso \u2022 Produ\u00e7\u00e3o musical \u2022 Conex\u00e3o com a natureza<br><\/p>\n<\/div>\n<\/div><\/div>\n\n\n\n<div class=\"wp-block-uagb-container uagb-block-191ac824 alignfull uagb-is-root-container\"><div class=\"uagb-container-inner-blocks-wrap\">\n<div class=\"wp-block-uagb-advanced-heading uagb-block-228ea559\"><h4 class=\"uagb-heading-text\">Work in progress<\/h4><\/div>\n\n\n\n<p class=\"has-text-align-center\">Schedule, rate and local to be defined.<\/p>\n\n\n\n<div class=\"wp-block-uagb-buttons uagb-buttons__outer-wrap uagb-btn__default-btn uagb-btn-tablet__default-btn uagb-btn-mobile__default-btn uagb-block-7f54cc40\"><div class=\"uagb-buttons__wrap uagb-buttons-layout-wrap\">\n<div class=\"wp-block-uagb-buttons-child uagb-buttons__outer-wrap uagb-block-9eafc029 wp-block-button\"><div class=\"uagb-button__wrapper\"><a class=\"uagb-buttons-repeater wp-block-button__link\" aria-label=\"\" href=\"https:\/\/forms.gle\/PqR3oqAzmpTzpkwE6\" rel=\"follow noopener\" target=\"_blank\" role=\"button\"><div class=\"uagb-button__link\">I'm interested<\/div><\/a><\/div><\/div>\n<\/div><\/div>\n<\/div><\/div>\n\n\n\n<div class=\"wp-block-uagb-container uagb-block-e450df1d alignfull uagb-is-root-container\"><div class=\"uagb-container__shape uagb-container__shape-top uagb-container__shape-flip\"><svg xmlns=\"https:\/\/www.w3.org\/2000\/svg\" viewbox=\"0 0 1000 100\" preserveaspectratio=\"none\"><path class=\"uagb-container__shape-fill\" d=\"M0,6V0h1000v100L0,6z\"><\/path><\/svg><\/div><div class=\"uagb-container__shape uagb-container__shape-bottom uagb-container__shape-flip uagb-container__invert\" data-negative=\"false\"><svg xmlns=\"https:\/\/www.w3.org\/2000\/svg\" viewbox=\"0 0 1000 100\" preserveaspectratio=\"none\"><path class=\"uagb-container__shape-fill\" d=\"M0,6V0h1000v100L0,6z\"><\/path><\/svg><\/div>\n<div class=\"wp-block-uagb-advanced-heading uagb-block-e4d339d4\"><h4 class=\"uagb-heading-text\">Learn more here<\/h4><\/div>\n<\/div>\n\n\n\n<div class=\"wp-block-uagb-container uagb-block-8abc17f9 alignfull uagb-is-root-container\"><div class=\"uagb-container__shape uagb-container__shape-top uagb-container__shape-flip\"><svg xmlns=\"https:\/\/www.w3.org\/2000\/svg\" viewbox=\"0 0 1000 100\" preserveaspectratio=\"none\"><path class=\"uagb-container__shape-fill\" d=\"M0,6V0h1000v100L0,6z\"><\/path><\/svg><\/div><div class=\"uagb-container__shape uagb-container__shape-bottom uagb-container__shape-flip uagb-container__invert\" data-negative=\"false\"><svg xmlns=\"https:\/\/www.w3.org\/2000\/svg\" viewbox=\"0 0 1000 100\" preserveaspectratio=\"none\"><path class=\"uagb-container__shape-fill\" d=\"M0,6V0h1000v100L0,6z\"><\/path><\/svg><\/div><div class=\"uagb-container-inner-blocks-wrap\">\n<figure class=\"wp-block-embed is-type-video is-provider-youtube wp-block-embed-youtube wp-embed-aspect-16-9 wp-has-aspect-ratio\"><div class=\"wp-block-embed__wrapper\">\n<div class=\"ast-oembed-container\" style=\"height: 100%;\"><iframe title=\"HoliVoice Awake Your Authentic Voice\" width=\"500\" height=\"281\" src=\"https:\/\/www.youtube.com\/embed\/a2VUSrYUtts?start=49&#038;feature=oembed\" frameborder=\"0\" allow=\"accelerometer; autoplay; clipboard-write; encrypted-media; gyroscope; picture-in-picture; web-share\" referrerpolicy=\"strict-origin-when-cross-origin\" allowfullscreen><\/iframe><\/div>\n<\/div><\/figure>\n\n\n\n<div style=\"height:100px\" aria-hidden=\"true\" class=\"wp-block-spacer\"><\/div>\n<\/div><\/div>\n\n\n\n<div class=\"wp-block-uagb-container uagb-block-fd4355b5 alignfull uagb-is-root-container\"><div class=\"uagb-container__shape uagb-container__shape-top uagb-container__shape-flip\"><svg xmlns=\"https:\/\/www.w3.org\/2000\/svg\" viewbox=\"0 0 1000 100\" preserveaspectratio=\"none\"><path class=\"uagb-container__shape-fill\" d=\"M0,6V0h1000v100L0,6z\"><\/path><\/svg><\/div><div class=\"uagb-container__shape uagb-container__shape-bottom uagb-container__shape-flip uagb-container__invert\" data-negative=\"false\"><svg xmlns=\"https:\/\/www.w3.org\/2000\/svg\" viewbox=\"0 0 1000 100\" preserveaspectratio=\"none\"><path class=\"uagb-container__shape-fill\" d=\"M0,6V0h1000v100L0,6z\"><\/path><\/svg><\/div>\n<div class=\"wp-block-uagb-advanced-heading uagb-block-7eb72ff0\"><h4 class=\"uagb-heading-text\">Testimonials<\/h4><\/div>\n<\/div>\n\n\n\n<div class=\"wp-block-uagb-container uagb-block-78a9b0c7 alignfull uagb-is-root-container\"><div class=\"uagb-container-inner-blocks-wrap\">      \n\t\t\t<div class=\"uagb-icon-wrapper uagb-block-a34e393f\"\n\t\t\tstyle=\"\" >\n\t\t\t\t\t\t\t\t\t<span class=\"uagb-svg-wrapper\" \n\t\t\t\t\t aria-label=\"quote-left\"\t\t\t\t\ttabindex=\"0\">\t\t\n\t\t\t\t\t\t\t\t\t\t<svg xmlns=\"https:\/\/www.w3.org\/2000\/svg\" viewbox= \"0 0 448 512\" role=\"graphics-symbol\" aria-hidden=\"false\" aria-label=\"\"><path d=\"M96 224C84.72 224 74.05 226.3 64 229.9V224c0-35.3 28.7-64 64-64c17.67 0 32-14.33 32-32S145.7 96 128 96C57.42 96 0 153.4 0 224v96c0 53.02 42.98 96 96 96s96-42.98 96-96S149 224 96 224zM352 224c-11.28 0-21.95 2.305-32 5.879V224c0-35.3 28.7-64 64-64c17.67 0 32-14.33 32-32s-14.33-32-32-32c-70.58 0-128 57.42-128 128v96c0 53.02 42.98 96 96 96s96-42.98 96-96S405 224 352 224z\"><\/path><\/svg>\n\t\t\t\t\t\t\t\t\t<\/span>\n\t\t\t\t\t\t\t<\/div>\n\t\t\t\n\n\n<div class=\"wp-block-uagb-testimonial uagb-slick-carousel uagb-tm__arrow-outside uagb-block-dc672903\"><div class=\"is-carousel uagb-tm__columns-1 uagb-tm__items\"><div class=\"uagb-testimonial__wrap  uagb-tm__imgicon-style-circle uagb-tm__image-position-bottom uagb-tm__bg-type-none\"><div class=\"uagb-tm__content\"><div class=\"uagb-tm__overlay\"><\/div><div class=\"uagb-tm__text-wrap\"><div class=\"uagb-tm__desc\">\"Involve, allow and explore. Without a doubt three words that define this experience.\u00a0<br>Chandi with her delicacy and softness leads this magnificent journey between body and voice.\u00a0<br>Feel, feel, feel!\u00a0<br>A sensory awakening.\"<br><\/div><div class=\"uagb-tm__meta-inner\"><div class=\"uagb-testimonial-details\"><span class=\"uagb-tm__author-name\"><strong>F\u00e1tima Lopes<\/strong><\/span><span class=\"uagb-tm__company\">Portugal<\/span><\/div><\/div><\/div><\/div><\/div><div class=\"uagb-testimonial__wrap  uagb-tm__imgicon-style-circle uagb-tm__image-position-bottom uagb-tm__bg-type-none\"><div class=\"uagb-tm__content\"><div class=\"uagb-tm__overlay\"><\/div><div class=\"uagb-tm__text-wrap\"><div class=\"uagb-tm__desc\">\"In 2019, I had the opportunity to meet Chandi, an incredible person, writer, singer and very professional. I brought her to Brazil, in the city of Franca-SP, at the On Terapias Hol\u00edstica clinic, with a very original and differentiated work, showing a mixture of knowledge at a therapeutic level, with a marvellous presentation, aimed at balance and harmony through breathing techniques, sound and movements, restoring a new look at the therapeutic vision with excellent results.<br><br>It was marvellous to take part in the experience. I look forward to seeing her again in Brazil.\"<span id=\"docs-internal-guid-efe52766-7fff-9644-207b-8f884f06246d\"><div><span style=\"font-size: 11pt; font-family: Arial, sans-serif; color: rgb(0, 0, 0); background-color: transparent; font-variant-numeric: normal; font-variant-east-asian: normal; font-variant-alternates: normal; font-variant-position: normal; vertical-align: baseline;\"><\/span><\/div><\/span><\/div><div class=\"uagb-tm__meta-inner\"><div class=\"uagb-testimonial-details\"><span class=\"uagb-tm__author-name\"><strong>Renise Peraro<\/strong><\/span><span class=\"uagb-tm__company\">Brazil<\/span><\/div><\/div><\/div><\/div><\/div><\/div><\/div>\n\n\n\n<div style=\"height:60px\" aria-hidden=\"true\" class=\"wp-block-spacer\"><\/div>\n\n\n\n<div class=\"wp-block-uagb-call-to-action uagb-block-b64bf76b wp-block-button\"><div class=\"uagb-cta__wrap\"><h3 class=\"uagb-cta__title\">Questions?<\/h3><p class=\"uagb-cta__desc\">Please get in touch to clarify.<br><\/p><\/div><div class=\"uagb-cta__buttons\"><a href=\"https:\/\/chandiartist.com\/en\/contactos\/\" class=\"uagb-cta__button-link-wrapper wp-block-button__link\" target=\"_self\" rel=\"noopener noreferrer\">Get in touch<\/a><\/div><\/div>\n\n\n\n<div style=\"height:60px\" aria-hidden=\"true\" class=\"wp-block-spacer\"><\/div>\n<\/div><\/div>","protected":false},"excerpt":{"rendered":"<p>Laborat\u00f3rios de pesquisa art\u00edstica e som\u00e1tica O qu\u00ea? Dar voz ao corpo e corpo \u00e0 voz. Sess\u00f5es regulares de investiga\u00e7\u00e3o art\u00edstica a partir do pr\u00f3prio corpo. Um laborat\u00f3rio imersivo de auto-escuta com vista em recordar e desenvolver recursos internos \u00fateis que promovam plasticidade de pensamento, criatividade, consci\u00eancia corporal, bem-estar, relaxamento e confian\u00e7a. Para quem? Todos [&hellip;]<\/p>","protected":false},"author":1,"featured_media":0,"parent":776,"menu_order":0,"comment_status":"closed","ping_status":"closed","template":"","meta":{"_uag_custom_page_level_css":"","site-sidebar-layout":"no-sidebar","site-content-layout":"plain-container","ast-site-content-layout":"normal-width-container","site-content-style":"unboxed","site-sidebar-style":"unboxed","ast-global-header-display":"","ast-banner-title-visibility":"","ast-main-header-display":"","ast-hfb-above-header-display":"","ast-hfb-below-header-display":"","ast-hfb-mobile-header-display":"","site-post-title":"disabled","ast-breadcrumbs-content":"","ast-featured-img":"disabled","footer-sml-layout":"","theme-transparent-header-meta":"enabled","adv-header-id-meta":"","stick-header-meta":"","header-above-stick-meta":"","header-main-stick-meta":"","header-below-stick-meta":"","astra-migrate-meta-layouts":"set","ast-page-background-enabled":"default","ast-page-background-meta":{"desktop":{"background-color":"","background-image":"","background-repeat":"repeat","background-position":"center center","background-size":"auto","background-attachment":"scroll","background-type":"","background-media":"","overlay-type":"","overlay-color":"","overlay-opacity":"","overlay-gradient":""},"tablet":{"background-color":"","background-image":"","background-repeat":"repeat","background-position":"center center","background-size":"auto","background-attachment":"scroll","background-type":"","background-media":"","overlay-type":"","overlay-color":"","overlay-opacity":"","overlay-gradient":""},"mobile":{"background-color":"","background-image":"","background-repeat":"repeat","background-position":"center center","background-size":"auto","background-attachment":"scroll","background-type":"","background-media":"","overlay-type":"","overlay-color":"","overlay-opacity":"","overlay-gradient":""}},"ast-content-background-meta":{"desktop":{"background-color":"var(--ast-global-color-5)","background-image":"","background-repeat":"repeat","background-position":"center center","background-size":"auto","background-attachment":"scroll","background-type":"","background-media":"","overlay-type":"","overlay-color":"","overlay-opacity":"","overlay-gradient":""},"tablet":{"background-color":"var(--ast-global-color-5)","background-image":"","background-repeat":"repeat","background-position":"center center","background-size":"auto","background-attachment":"scroll","background-type":"","background-media":"","overlay-type":"","overlay-color":"","overlay-opacity":"","overlay-gradient":""},"mobile":{"background-color":"var(--ast-global-color-5)","background-image":"","background-repeat":"repeat","background-position":"center center","background-size":"auto","background-attachment":"scroll","background-type":"","background-media":"","overlay-type":"","overlay-color":"","overlay-opacity":"","overlay-gradient":""}},"footnotes":""},"class_list":["post-1892","page","type-page","status-publish","hentry"],"uagb_featured_image_src":{"full":false,"thumbnail":false,"medium":false,"medium_large":false,"large":false,"1536x1536":false,"2048x2048":false,"trp-custom-language-flag":false},"uagb_author_info":{"display_name":"chandiar","author_link":"https:\/\/chandiartist.com\/en\/author\/chandiar\/"},"uagb_comment_info":0,"uagb_excerpt":"Laborat\u00f3rios de pesquisa art\u00edstica e som\u00e1tica O qu\u00ea? Dar voz ao corpo e corpo \u00e0 voz. Sess\u00f5es regulares de investiga\u00e7\u00e3o art\u00edstica a partir do pr\u00f3prio corpo. Um laborat\u00f3rio imersivo de auto-escuta com vista em recordar e desenvolver recursos internos \u00fateis que promovam plasticidade de pensamento, criatividade, consci\u00eancia corporal, bem-estar, relaxamento e confian\u00e7a. Para quem? Todos&hellip;","_links":{"self":[{"href":"https:\/\/chandiartist.com\/en\/wp-json\/wp\/v2\/pages\/1892","targetHints":{"allow":["GET"]}}],"collection":[{"href":"https:\/\/chandiartist.com\/en\/wp-json\/wp\/v2\/pages"}],"about":[{"href":"https:\/\/chandiartist.com\/en\/wp-json\/wp\/v2\/types\/page"}],"author":[{"embeddable":true,"href":"https:\/\/chandiartist.com\/en\/wp-json\/wp\/v2\/users\/1"}],"replies":[{"embeddable":true,"href":"https:\/\/chandiartist.com\/en\/wp-json\/wp\/v2\/comments?post=1892"}],"version-history":[{"count":36,"href":"https:\/\/chandiartist.com\/en\/wp-json\/wp\/v2\/pages\/1892\/revisions"}],"predecessor-version":[{"id":2186,"href":"https:\/\/chandiartist.com\/en\/wp-json\/wp\/v2\/pages\/1892\/revisions\/2186"}],"up":[{"embeddable":true,"href":"https:\/\/chandiartist.com\/en\/wp-json\/wp\/v2\/pages\/776"}],"wp:attachment":[{"href":"https:\/\/chandiartist.com\/en\/wp-json\/wp\/v2\/media?parent=1892"}],"curies":[{"name":"wp","href":"https:\/\/api.w.org\/{rel}","templated":true}]}}